{"id":9768,"date":"2022-02-17T21:31:51","date_gmt":"2022-02-17T21:31:51","guid":{"rendered":"https:\/\/www.fertiglobal.com\/sustainability\/"},"modified":"2026-02-12T14:05:20","modified_gmt":"2026-02-12T14:05:20","slug":"sustentabilidade","status":"publish","type":"page","link":"https:\/\/www.fertiglobal.com\/pt-br\/sustentabilidade\/","title":{"rendered":"Sustentabilidade"},"content":{"rendered":"<section id=\"bt_section69efa082201a8\"  class=\"boldSection gutter \" ><div class=\"port\"><div class=\"boldCell\"><div class=\"boldCellInner\"><div class=\"boldRow \" ><div class=\"boldRowInner\"><div class=\"rowItem col-md-12 col-ms-12  btTextLeft\"  data-width=\"12\"><div class=\"rowItemContent\" ><div class=\"btClear btSeparator topSmallSpaced bottomSemiSpaced noBorder no-mobile\" ><hr><\/div><div class=\"btText\" ><div class=\"home-large-sentence\">Nosso objetivo \u00e9 criar agrega\u00e7\u00f5es constantes de valor e oportunidades ao conectar a nossa empresa aos lugares onde atuamos e cuidar do meio ambiente em que vivemos.<\/div>\n<\/div><div class=\"btClear btSeparator topSmallSpaced bottomSemiSpaced noBorder no-mobile\" ><hr><\/div><\/div><\/div><\/div><\/div><\/div><\/div><\/div><\/section><section id=\"bt_section69efa08220d3a\"  class=\"boldSection gutter boxed inherit\" ><div class=\"port\"><div class=\"boldCell\"><div class=\"boldCellInner\"><div class=\"boldRow \" ><div class=\"boldRowInner\"><div class=\"rowItem col-md-2  col-sm-4 col-ms-12 btTextLeft\"  data-width=\"2\"><div class=\"rowItemContent\" ><div class=\"bpgPhoto btDefaultHoverType\" ><div class=\"btImage\"><img src=\"https:\/\/www.fertiglobal.com\/wp-content\/uploads\/2022\/02\/Logo-Enel-English-2-DEF.png\" alt=\"\" title=\"\"><\/div><\/div><div class=\"btText\" ><p class=\"k-text-low\">Respeitamos o meio ambiente utilizando apenas energia produzida a partir de fontes renov\u00e1veis, como \u00e1gua, sol, vento e calor da terra, certificada pelo sistema de &#8220;garantia de origem&#8221; do gestor de servi\u00e7os energ\u00e9ticos, com base na diretiva 2009\/28\/ce.<\/p>\n<\/div><\/div><\/div><div class=\"rowItem col-md-10 col-ms-12  btTextLeft\"  data-width=\"10\"><div class=\"rowItemContent\" ><div class=\"btText\" ><div class=\"greentitle-dash\"><\/div>\n<p>Na nossa \u00e1rea de produ\u00e7\u00e3o, utilizamos os elementos da natureza amplamente difundidos e abundantes, garantindo solu\u00e7\u00f5es inovadoras e sustent\u00e1veis geradas pela energia verde. O calor da terra nos acompanha em todas as nossas atividades, reduzindo drasticamente os n\u00edveis de emiss\u00e3o de CO<sub>2<\/sub>, enquanto a capta\u00e7\u00e3o de \u00e1gua da chuva contribui para reduzir o desperd\u00edcio de recursos naturais durante os processos de produ\u00e7\u00e3o.<br \/>\nPor meio desse gerenciamento virtuoso de todos os processos industriais, estamos nos tornando cada vez mais independentes de qualquer outra fonte importante, como o esgotamento de energias dependentes de pa\u00edses estrangeiros, que possam limitar o nosso desenvolvimento. Com as energias renov\u00e1veis, estamos ajudando a diminuir a preval\u00eancia de poluentes nocivos e contribuindo para criar um ambiente mais saud\u00e1vel.<\/p>\n<\/div><div class=\"btClear btSeparator topSmallSpaced bottomSemiSpaced noBorder no-mobile\" ><hr><\/div><div class=\"btText\" ><div class=\"greentitle-dash\"><\/div>\n<p>Mudamos a nossa forma de mobilidade, adotando solu\u00e7\u00f5es el\u00e9tricas capazes de reduzir ainda mais a polui\u00e7\u00e3o.<br \/>\nEsta tecnologia est\u00e1 em constante evolu\u00e7\u00e3o, tornando a mobilidade el\u00e9trica cada vez mais eficiente e criando novos usos para ela. Como os ve\u00edculos el\u00e9tricos n\u00e3o possuem motores de combust\u00e3o, els evitam a emiss\u00e3o de toneladas de gases de efeito estufa, o que, por sua vez, auxilia no combate aos efeitos das mudan\u00e7as clim\u00e1ticas.<\/p>\n<\/div><div class=\"btClear btSeparator topSmallSpaced bottomSemiSpaced noBorder no-mobile\" ><hr><\/div><\/div><\/div><\/div><\/div><div class=\"boldRow \" ><div class=\"boldRowInner\"><div class=\"rowItem col-md-4 col-ms-12 btTextCenter inherit\"  data-width=\"4\"><div class=\"rowItemContent\" ><div class=\"bpgPhoto btDefaultHoverType\" ><div class=\"btImage\"><img src=\"https:\/\/www.fertiglobal.com\/wp-content\/uploads\/2022\/02\/MARCHIO-SocialProjescs-02-320x167.png\" alt=\"\" title=\"\"><\/div><\/div><\/div><\/div><div class=\"rowItem col-md-8 col-ms-12 btTextLeft\"  data-width=\"8\"><div class=\"rowItemContent\" ><\/div><\/div><\/div><\/div><div class=\"boldRow \" ><div class=\"boldRowInner\"><div class=\"rowItem col-md-2  col-sm-4 col-ms-12 btTextLeft\"  data-width=\"2\"><div class=\"rowItemContent\" ><\/div><\/div><div class=\"rowItem col-md-10 col-ms-12  btTextLeft\"  data-width=\"10\"><div class=\"rowItemContent\" ><div class=\"btText\" ><div class=\"greentitle-dash\"><\/div>\n<p>Voltamos cuidados especiais \u00e0 responsabilidade social, oferecendo novas oportunidades \u00e0s pessoas e potencializando relacionamentos positivos. Os projetos nos territ\u00f3rios onde atuamos s\u00e3o regularmente considerados e implementados.<br \/>\nAs rela\u00e7\u00f5es com alguns parceiros s\u00e3o ativas para explorar todo o potencial na integra\u00e7\u00e3o do ambiente social em um bem-estar comum. Estamos desenvolvendo uma comunidade entre todas as partes interessadas e a confian\u00e7a do mercado em n\u00f3s. Nossa aten\u00e7\u00e3o ao territ\u00f3rio n\u00e3o apenas tem vantagens para a pr\u00f3pria empresa, mas tamb\u00e9m beneficia a comunidade e a sociedade em geral.<\/p>\n<\/div><div class=\"btClear btSeparator topSmallSpaced bottomSemiSpaced noBorder no-mobile\" ><hr><\/div><\/div><\/div><\/div><\/div><div class=\"boldRow \" ><div class=\"boldRowInner\"><div class=\"rowItem col-md-2  col-sm-4 col-ms-12 btTextLeft\"  data-width=\"2\"><div class=\"rowItemContent\" ><div class=\"bpgPhoto btDefaultHoverType\" ><div class=\"btImage\"><img src=\"https:\/\/www.fertiglobal.com\/wp-content\/uploads\/2025\/11\/FAI_CGD_Logo-260-by-183.jpg\" alt=\"\" title=\"\"><\/div><\/div><\/div><\/div><div class=\"rowItem col-md-10 col-ms-12  btTextLeft\"  data-width=\"10\"><div class=\"rowItemContent\" ><div class=\"btText\" ><div class=\"greentitle-dash\"><\/div>\n<p><strong>Preserva\u00e7\u00e3o do Patrim\u00f4nio Cultural<br \/>\n<\/strong>Apoiamos o <strong><a href=\"http:\/\/www.fondoambiente.it\">FAI<\/a>, por meio da participa\u00e7\u00e3o no programa de associa\u00e7\u00e3o Corporate Golden Donor<\/strong>, para contribuir com a prote\u00e7\u00e3o e a promo\u00e7\u00e3o do patrim\u00f4nio hist\u00f3rico, art\u00edstico e paisag\u00edstico da It\u00e1lia. Esse compromisso reflete nossa vis\u00e3o ampla de sustentabilidade: preservar o que nos cerca significa proteger os recursos para as gera\u00e7\u00f5es futuras. Por meio de iniciativas concretas e da colabora\u00e7\u00e3o com o <a href=\"http:\/\/www.fondoambiente.it\">FAI<\/a>, participamos ativamente da conserva\u00e7\u00e3o de locais de valor hist\u00f3rico e ambiental, promovendo uma cultura de responsabilidade e cuidado compartilhados.<\/p>\n<\/div><\/div><\/div><\/div><\/div><div class=\"boldRow \" ><div class=\"boldRowInner\"><div class=\"rowItem col-md-2  col-sm-4 col-ms-12 btTextLeft\"  data-width=\"2\"><div class=\"rowItemContent\" ><div class=\"bpgPhoto btDefaultHoverType\" ><div class=\"btImage\"><img src=\"https:\/\/www.fertiglobal.com\/wp-content\/uploads\/2025\/11\/BANNER-TELETHON-260-by-111.jpg\" alt=\"\" title=\"\"><\/div><\/div><\/div><\/div><div class=\"rowItem col-md-10 col-ms-12  btTextLeft\"  data-width=\"10\"><div class=\"rowItemContent\" ><div class=\"btText\" ><div class=\"greentitle-dash\"><\/div>\n<p><strong>Apoio \u00e0 Pesquisa em Sa\u00fade<\/strong><br \/>\nNosso compromisso com a inova\u00e7\u00e3o vai al\u00e9m do P&amp;D industrial: apoiamos ativamente a <a href=\"https:\/\/www.fondazionetelethon.it\/en\/\"><strong>Telethon<\/strong><\/a>, contribuindo para projetos de pesquisa cient\u00edfica dedicados ao avan\u00e7o da sa\u00fade e \u00e0 melhoria da qualidade de vida. Esse compromisso tamb\u00e9m reflete a filosofia do nosso centro de pesquisa, onde desenvolvemos solu\u00e7\u00f5es inovadoras e sustent\u00e1veis que geram um impacto positivo na sociedade.<\/p>\n<\/div><\/div><\/div><\/div><\/div><div class=\"boldRow \" ><div class=\"boldRowInner\"><div class=\"rowItem col-md-2  col-sm-4 col-ms-12 btTextLeft\"  data-width=\"2\"><div class=\"rowItemContent\" ><div class=\"bpgPhoto btDefaultHoverType\" ><div class=\"btImage\"><img src=\"https:\/\/www.fertiglobal.com\/wp-content\/uploads\/2025\/09\/Medal.png\" alt=\"\" title=\"\"><\/div><\/div><\/div><\/div><div class=\"rowItem col-md-10 col-ms-12  btTextLeft\"  data-width=\"10\"><div class=\"rowItemContent\" ><div class=\"btText\" ><div class=\"greentitle-dash\"><\/div>\n<p><strong>Larderello Group recebe a medalha de prata da EcoVadis por seu desempenho excepcional em ESG<\/strong><br \/>\nA sustentabilidade de nossas pr\u00e1ticas foi reconhecida de forma independente pela <a href=\"https:\/\/ecovadis.com\/\"><strong>EcoVadis<\/strong><\/a> com a <strong>Medalha de Prata<\/strong>, posicionando o Larderello Group e a <a class=\"link-no-color\" href=\"https:\/\/recognition.ecovadis.com\/axhptTNksE65w1diAnNN_w\" target=\"_blank\" rel=\"noopener\">SCL Italia Spa<\/a> entre as principais empresas do mundo avaliadas por seu desempenho ambiental, social e de governan\u00e7a. Este resultado reflete a consist\u00eancia de nossas estrat\u00e9gias de longo prazo na redu\u00e7\u00e3o do impacto ambiental, na promo\u00e7\u00e3o de uma conduta empresarial respons\u00e1vel e na integra\u00e7\u00e3o da sustentabilidade em todas as etapas de nossas opera\u00e7\u00f5es.<\/p>\n<\/div><\/div><\/div><\/div><\/div><div class=\"boldRow \" ><div class=\"boldRowInner\"><div class=\"rowItem col-md-12 col-ms-12  btTextLeft\"  data-width=\"12\"><div class=\"rowItemContent\" ><div class=\"btClear btSeparator topSmallSpaced bottomSemiSpaced noBorder no-mobile\" ><hr><\/div><\/div><\/div><\/div><\/div><div class=\"boldRow \" ><div class=\"boldRowInner\"><\/div><\/div><\/div><\/div><\/div><\/section><section id=\"bt_section69efa0822b2b2\"  class=\"boldSection gutter \" ><div class=\"port\"><div class=\"boldCell\"><div class=\"boldCellInner\"><div class=\"boldRow \" ><div class=\"boldRowInner\"><div class=\"rowItem col-md-12 col-ms-12  btTextLeft\"  data-width=\"12\"><div class=\"rowItemContent\" ><div class=\"btText\" ><div class=\"home-large-sentence\">Reduzir a depend\u00eancia de combust\u00edveis f\u00f3sseis, diminuir o impacto do aumento de custos e melhorar a reputa\u00e7\u00e3o da nossa empresa como uma organiza\u00e7\u00e3o socialmente respons\u00e1vel nos movem para ajudar a alcan\u00e7ar os objetivos globais contra as mudan\u00e7as clim\u00e1ticas.<\/div>\n<\/div><div class=\"btClear btSeparator topSmallSpaced bottomSemiSpaced noBorder no-mobile\" ><hr><\/div><\/div><\/div><\/div><\/div><\/div><\/div><\/div><\/section><section id=\"bt_section69efa0822b499\"  class=\"boldSection gutter \" ><div class=\"port\"><div class=\"boldCell\"><div class=\"boldCellInner\"><div class=\"boldRow \" ><div class=\"boldRowInner\"><div class=\"rowItem col-md-12 col-ms-12  btTextLeft\"  data-width=\"12\"><div class=\"rowItemContent\" ><div class=\"btText\" ><div class=\"greentitle\">Sustentabilidade ambiental, sustentabilidade econ\u00f4mica e sustentabilidade social se sobrep\u00f5em para construir uma a\u00e7\u00e3o comum: o nosso desenvolvimento sustent\u00e1vel sem fim.<\/div>\n<\/div><\/div><\/div><\/div><\/div><\/div><\/div><\/div><\/section><section id=\"bt_section69efa0822b6d5\"  class=\"boldSection gutter \" ><div class=\"port\"><div class=\"boldCell\"><div class=\"boldCellInner\"><div class=\"boldRow \" ><div class=\"boldRowInner\"><div class=\"rowItem col-md-12 col-ms-12  btTextLeft\"  data-width=\"12\"><div class=\"rowItemContent\" ><div class=\"tilesWall btGridGallery tiled  btGridGap-20 lightbox\" data-col=\"3\"><div class=\"gridSizer\"><\/div><div class=\"gridItem btGhostSliderThumb bt11\" data-order-num=\"-1\"><div class=\"btTileBox\"><div class=\"bpgPhoto \" > \n\n\t\t\t\t\t<a href=\"https:\/\/www.fertiglobal.com\/wp-content\/uploads\/2022\/02\/FertiGlobal-1-1.jpg\" class=\"lightbox\" data-title=\"\"><\/a>\n\n\t\t\t\t\t<div class=\"boldPhotoBox\"><div class=\"bpbItem\"><div class=\"btImage\"><img src=\"https:\/\/www.fertiglobal.com\/wp-content\/uploads\/2022\/02\/FertiGlobal-1-1-640x640.jpg\" alt=\"\" title=\"\"><\/div><\/div><\/div>\n\n\t\t\t\t\t<div class=\"captionPane btDarkSkin btTextCenter\">\n\n\t\t\t\t\t\t<div class=\"captionTable\">\n\n\t\t\t\t\t\t\t<div class=\"captionCell\">\n\n\t\t\t\t\t\t\t\t<div class=\"captionTxt\"><\/div>\n\n\t\t\t\t\t\t\t<\/div>\n\n\t\t\t\t\t\t<\/div>\n\n\t\t\t\t\t<\/div><\/div><\/div><\/div><div class=\"gridItem btGhostSliderThumb bt11\" data-order-num=\"0\"><div class=\"btTileBox\"><div class=\"bpgPhoto \" > \n\n\t\t\t\t\t<a href=\"https:\/\/www.fertiglobal.com\/wp-content\/uploads\/2022\/02\/FertiGlobal-2-1.jpg\" class=\"lightbox\" data-title=\"\"><\/a>\n\n\t\t\t\t\t<div class=\"boldPhotoBox\"><div class=\"bpbItem\"><div class=\"btImage\"><img src=\"https:\/\/www.fertiglobal.com\/wp-content\/uploads\/2022\/02\/FertiGlobal-2-1-640x640.jpg\" alt=\"\" title=\"\"><\/div><\/div><\/div>\n\n\t\t\t\t\t<div class=\"captionPane btDarkSkin btTextCenter\">\n\n\t\t\t\t\t\t<div class=\"captionTable\">\n\n\t\t\t\t\t\t\t<div class=\"captionCell\">\n\n\t\t\t\t\t\t\t\t<div class=\"captionTxt\"><\/div>\n\n\t\t\t\t\t\t\t<\/div>\n\n\t\t\t\t\t\t<\/div>\n\n\t\t\t\t\t<\/div><\/div><\/div><\/div><div class=\"gridItem btGhostSliderThumb bt11\" data-order-num=\"1\"><div class=\"btTileBox\"><div class=\"bpgPhoto \" > \n\n\t\t\t\t\t<a href=\"https:\/\/www.fertiglobal.com\/wp-content\/uploads\/2022\/02\/FertiGlobal-3-1.jpg\" class=\"lightbox\" data-title=\"\"><\/a>\n\n\t\t\t\t\t<div class=\"boldPhotoBox\"><div class=\"bpbItem\"><div class=\"btImage\"><img src=\"https:\/\/www.fertiglobal.com\/wp-content\/uploads\/2022\/02\/FertiGlobal-3-1-640x640.jpg\" alt=\"\" title=\"\"><\/div><\/div><\/div>\n\n\t\t\t\t\t<div class=\"captionPane btDarkSkin btTextCenter\">\n\n\t\t\t\t\t\t<div class=\"captionTable\">\n\n\t\t\t\t\t\t\t<div class=\"captionCell\">\n\n\t\t\t\t\t\t\t\t<div class=\"captionTxt\"><\/div>\n\n\t\t\t\t\t\t\t<\/div>\n\n\t\t\t\t\t\t<\/div>\n\n\t\t\t\t\t<\/div><\/div><\/div><\/div><\/div><div class=\"btClear btSeparator topSmallSpaced bottomSemiSpaced noBorder no-mobile\" ><hr><\/div><\/div><\/div><\/div><\/div><\/div><\/div><\/div><\/section><section id=\"bt_section69efa08231958\"  class=\"boldSection gutter boxed inherit\" style=\"background-color:#f5f5f5  !important;\"><div class=\"port\"><div class=\"boldCell\"><div class=\"boldCellInner\"><div class=\"boldRow \" ><div class=\"boldRowInner\"><div class=\"rowItem col-md-12 col-ms-12  btTextLeft\"  data-width=\"12\"><div class=\"rowItemContent\" ><div class=\"btClear btSeparator topSmallSpaced bottomSemiSpaced noBorder no-mobile\" ><hr><\/div><div class=\"btText\" ><h4 class=\"greentitle\">RELAT\u00d3RIO DE SUSTENTABILIDADE<\/h4>\n<p>Quando um grupo industrial opera internacionalmente h\u00e1 mais de 200 anos consecutivos, \u00e9 quase natural concluir que, ao longo do tempo, a sustentabilidade tem sido uma ferramenta fundamental no seu processo de cria\u00e7\u00e3o de valor.<\/p>\n<p>O fator \u00fanico que garantiu a competitividade do Grupo a longo prazo \u00e9 a sua capacidade de conciliar os interesses dos colaboradores e acionistas com uma resposta eficaz \u00e0 evolu\u00e7\u00e3o das necessidades dos clientes, \u00e0s necessidades das comunidades locais e \u00e0s exig\u00eancias em constante mudan\u00e7a dos legisladores.<\/p>\n<p>Este relat\u00f3rio de sustentabilidade, que ilustra a vis\u00e3o norteadora do nosso caminho de crescimento cont\u00ednuo, onde a cria\u00e7\u00e3o de valor se articula com um forte sentido de responsabilidade social e de conserva\u00e7\u00e3o ambiental, \u00e9 mais um passo importante no percurso que o nosso Grupo empreendeu.<\/p>\n<p>Um Grupo constitu\u00eddo por pessoas que t\u00eam uma s\u00f3lida trajet\u00f3ria, mas que t\u00eam sempre os olhos postos no futuro, nunca descansando sobre os louros e querendo sempre causar impacto, especialmente para as gera\u00e7\u00f5es futuras.<\/p>\n<p><a href=\"https:\/\/www.fertiglobal.com\/wp-content\/uploads\/2026\/02\/bilancio-2024-web-INGLESE.pdf\">Download PDF<\/a><\/p>\n<\/div><div class=\"btText\" ><div class=\"_3d-flip-book  fb3d-fullscreen-mode full-size\" data-id=\"11113\" data-mode=\"fullscreen\" data-title=\"false\" data-template=\"short-white-book-view\" data-lightbox=\"dark-shadow\" data-urlparam=\"fb3d-page\" data-page-n=\"0\" data-pdf=\"\" data-tax=\"null\" data-thumbnail=\"\" data-cols=\"3\" data-book-template=\"default\" style=\"height:700px;\"><\/div><script type=\"text\/javascript\">window.FB3D_CLIENT_DATA = window.FB3D_CLIENT_DATA || [];window.FB3D_CLIENT_DATA.push('eyJwb3N0cyI6eyIxMTExMyI6eyJJRCI6MTExMTMsInRpdGxlIjoiU1VTVEFJTkFCSUxJVFkgUkVQT1JUIiwidHlwZSI6InBkZiIsInJlYWR5X2Z1bmN0aW9uIjoiIiwiYm9va19zdHlsZSI6ImZsYXQiLCJib29rX3RlbXBsYXRlIjoibm9uZSIsIm91dGxpbmUiOltdLCJkYXRhIjp7InBvc3RfSUQiOiItMSIsImd1aWQiOiJodHRwczpcL1wvd3d3LmZlcnRpZ2xvYmFsLmNvbVwvd3AtY29udGVudFwvdXBsb2Fkc1wvMjAyNlwvMDJcL2JpbGFuY2lvLTIwMjQtd2ViLUlOR0xFU0Utc2luZ29sYS5wZGYiLCJwZGZfcGFnZXMiOiIxMzgiLCJwYWdlc19jdXN0b21pemF0aW9uIjoibm9uZSJ9LCJ0aHVtYm5haWwiOnsiZGF0YSI6eyJwb3N0X0lEIjoiMCJ9LCJ0eXBlIjoiYXV0byJ9LCJwcm9wcyI6eyJiYWNrZ3JvdW5kQ29sb3IiOiJhdXRvIiwiYmFja2dyb3VuZEltYWdlIjoiYXV0byIsImJhY2tncm91bmRTdHlsZSI6ImF1dG8iLCJoaWdobGlnaHRMaW5rcyI6ImF1dG8iLCJsaWdodGluZyI6ImF1dG8iLCJjYWNoZWRQYWdlcyI6ImF1dG8iLCJyZW5kZXJJbmFjdGl2ZVBhZ2VzIjoiYXV0byIsInJlbmRlckluYWN0aXZlUGFnZXNPbk1vYmlsZSI6ImF1dG8iLCJyZW5kZXJXaGlsZUZsaXBwaW5nIjoiYXV0byIsInByZWxvYWRQYWdlcyI6ImF1dG8iLCJhdXRvUGxheUR1cmF0aW9uIjoiYXV0byIsInJ0bCI6ImF1dG8iLCJpbnRlcmFjdGl2ZUNvcm5lcnMiOiJhdXRvIiwibWF4RGVwdGgiOiJhdXRvIiwic2hlZXQiOnsic3RhcnRWZWxvY2l0eSI6ImF1dG8iLCJ3YXZlIjoiYXV0byIsInNoYXBlIjoiYXV0byIsIndpZHRoVGV4ZWxzIjoiYXV0byIsImNvbG9yIjoiYXV0byIsInNpZGUiOiJhdXRvIiwiY29ybmVyRGV2aWF0aW9uIjoiYXV0byIsImZsZXhpYmlsaXR5IjoiYXV0byIsImZsZXhpYmxlQ29ybmVyIjoiYXV0byIsImJlbmRpbmciOiJhdXRvIiwiaGVpZ2h0VGV4ZWxzIjoiYXV0byJ9LCJjb3ZlciI6eyJ3YXZlIjoiYXV0byIsImNvbG9yIjoiYXV0byIsInNpZGUiOiJhdXRvIiwiYmluZGVyVGV4dHVyZSI6ImF1dG8iLCJkZXB0aCI6ImF1dG8iLCJwYWRkaW5nIjoiYXV0byIsInN0YXJ0VmVsb2NpdHkiOiJhdXRvIiwiZmxleGliaWxpdHkiOiJhdXRvIiwiZmxleGlibGVDb3JuZXIiOiJhdXRvIiwiYmVuZGluZyI6ImF1dG8iLCJ3aWR0aFRleGVscyI6ImF1dG8iLCJoZWlnaHRUZXhlbHMiOiJhdXRvIiwibWFzcyI6ImF1dG8iLCJzaGFwZSI6ImF1dG8ifSwicGFnZSI6eyJ3YXZlIjoiYXV0byIsImNvbG9yIjoiYXV0byIsInNpZGUiOiJhdXRvIiwiZGVwdGgiOiJhdXRvIiwic3RhcnRWZWxvY2l0eSI6ImF1dG8iLCJmbGV4aWJpbGl0eSI6ImF1dG8iLCJmbGV4aWJsZUNvcm5lciI6ImF1dG8iLCJiZW5kaW5nIjoiYXV0byIsIndpZHRoVGV4ZWxzIjoiYXV0byIsImhlaWdodFRleGVscyI6ImF1dG8iLCJtYXNzIjoiYXV0byIsInNoYXBlIjoiYXV0byJ9LCJoZWlnaHQiOiJhdXRvIiwid2lkdGgiOiJhdXRvIiwiZ3Jhdml0eSI6ImF1dG8iLCJwYWdlc0ZvclByZWRpY3RpbmciOiJhdXRvIn0sImNvbnRyb2xQcm9wcyI6eyJhY3Rpb25zIjp7ImNtZFRvYyI6eyJlbmFibGVkIjoiYXV0byIsImVuYWJsZWRJbk5hcnJvdyI6ImF1dG8iLCJhY3RpdmUiOiJhdXRvIiwiZGVmYXVsdFRhYiI6ImF1dG8ifSwiY21kQXV0b1BsYXkiOnsiZW5hYmxlZCI6ImF1dG8iLCJlbmFibGVkSW5OYXJyb3ciOiJhdXRvIiwiYWN0aXZlIjoiYXV0byJ9LCJjbWRTYXZlIjp7ImVuYWJsZWQiOiJhdXRvIiwiZW5hYmxlZEluTmFycm93IjoiYXV0byJ9LCJjbWRQcmludCI6eyJlbmFibGVkIjoiYXV0byIsImVuYWJsZWRJbk5hcnJvdyI6ImF1dG8ifSwiY21kU2luZ2xlUGFnZSI6eyJlbmFibGVkIjoiYXV0byIsImVuYWJsZWRJbk5hcnJvdyI6ImF1dG8iLCJhY3RpdmUiOiJhdXRvIiwiYWN0aXZlRm9yTW9iaWxlIjoiYXV0byJ9LCJ3aWRUb29sYmFyIjp7ImVuYWJsZWQiOiJhdXRvIiwiZW5hYmxlZEluTmFycm93IjoiYXV0byJ9fX0sImF1dG9UaHVtYm5haWwiOiJodHRwczpcL1wvd3d3LmZlcnRpZ2xvYmFsLmNvbVwvd3AtY29udGVudFwvdXBsb2Fkc1wvM2QtZmxpcC1ib29rXC9hdXRvLXRodW1ibmFpbHNcLzExMTEzLnBuZyIsInBvc3RfbmFtZSI6InN1c3RhaW5hYmlsaXR5LXJlcG9ydCIsInBvc3RfdHlwZSI6IjNkLWZsaXAtYm9vayJ9fSwicGFnZXMiOltdLCJmaXJzdFBhZ2VzIjpbXX0=');window.FB3D_CLIENT_LOCALE && window.FB3D_CLIENT_LOCALE.render();<\/script><\/div><\/div><\/div><\/div><\/div><\/div><\/div><\/div><\/section>","protected":false},"excerpt":{"rendered":"<p>A inova\u00e7\u00e3o verde \u00e9 o centro do nosso trabalho di\u00e1rio<\/p>\n","protected":false},"author":4,"featured_media":9559,"parent":0,"menu_order":0,"comment_status":"closed","ping_status":"closed","template":"","meta":[],"yoast_head":"<!-- This site is optimized with the Yoast SEO plugin v15.8 - https:\/\/yoast.com\/wordpress\/plugins\/seo\/ -->\n<title>Sustentabilidade - FertiGlobal<\/title>\n<meta name=\"robots\" content=\"index, follow, max-snippet:-1, max-image-preview:large, max-video-preview:-1\" \/>\n<link rel=\"canonical\" href=\"https:\/\/www.fertiglobal.com\/pt-br\/sustentabilidade\/\" \/>\n<meta property=\"og:locale\" content=\"pt_BR\" \/>\n<meta property=\"og:type\" content=\"article\" \/>\n<meta property=\"og:title\" content=\"Sustentabilidade - FertiGlobal\" \/>\n<meta property=\"og:description\" content=\"A inova\u00e7\u00e3o verde \u00e9 o centro do nosso trabalho di\u00e1rio\" \/>\n<meta property=\"og:url\" content=\"https:\/\/www.fertiglobal.com\/pt-br\/sustentabilidade\/\" \/>\n<meta property=\"og:site_name\" content=\"FertiGlobal\" \/>\n<meta property=\"article:publisher\" content=\"https:\/\/www.facebook.com\/FertiGlobalinternational\/\" \/>\n<meta property=\"article:modified_time\" content=\"2026-02-12T14:05:20+00:00\" \/>\n<meta property=\"og:image\" content=\"https:\/\/www.fertiglobal.com\/wp-content\/uploads\/2022\/02\/img-HEADER-fertiglobal.jpg\" \/>\n\t<meta property=\"og:image:width\" content=\"1920\" \/>\n\t<meta property=\"og:image:height\" content=\"600\" \/>\n<meta name=\"twitter:card\" content=\"summary_large_image\" \/>\n<meta name=\"twitter:label1\" content=\"Est. reading time\">\n\t<meta name=\"twitter:data1\" content=\"5 minutos\">\n<script type=\"application\/ld+json\" class=\"yoast-schema-graph\">{\"@context\":\"https:\/\/schema.org\",\"@graph\":[{\"@type\":\"WebSite\",\"@id\":\"https:\/\/www.fertiglobal.com\/#website\",\"url\":\"https:\/\/www.fertiglobal.com\/\",\"name\":\"FertiGlobal\",\"description\":\"A new crop management concept\",\"potentialAction\":[{\"@type\":\"SearchAction\",\"target\":\"https:\/\/www.fertiglobal.com\/?s={search_term_string}\",\"query-input\":\"required name=search_term_string\"}],\"inLanguage\":\"pt-BR\"},{\"@type\":\"ImageObject\",\"@id\":\"https:\/\/www.fertiglobal.com\/pt-br\/sustentabilidade\/#primaryimage\",\"inLanguage\":\"pt-BR\",\"url\":\"https:\/\/www.fertiglobal.com\/wp-content\/uploads\/2022\/02\/img-HEADER-fertiglobal.jpg\",\"width\":1920,\"height\":600},{\"@type\":\"WebPage\",\"@id\":\"https:\/\/www.fertiglobal.com\/pt-br\/sustentabilidade\/#webpage\",\"url\":\"https:\/\/www.fertiglobal.com\/pt-br\/sustentabilidade\/\",\"name\":\"Sustentabilidade - FertiGlobal\",\"isPartOf\":{\"@id\":\"https:\/\/www.fertiglobal.com\/#website\"},\"primaryImageOfPage\":{\"@id\":\"https:\/\/www.fertiglobal.com\/pt-br\/sustentabilidade\/#primaryimage\"},\"datePublished\":\"2022-02-17T21:31:51+00:00\",\"dateModified\":\"2026-02-12T14:05:20+00:00\",\"breadcrumb\":{\"@id\":\"https:\/\/www.fertiglobal.com\/pt-br\/sustentabilidade\/#breadcrumb\"},\"inLanguage\":\"pt-BR\",\"potentialAction\":[{\"@type\":\"ReadAction\",\"target\":[\"https:\/\/www.fertiglobal.com\/pt-br\/sustentabilidade\/\"]}]},{\"@type\":\"BreadcrumbList\",\"@id\":\"https:\/\/www.fertiglobal.com\/pt-br\/sustentabilidade\/#breadcrumb\",\"itemListElement\":[{\"@type\":\"ListItem\",\"position\":1,\"item\":{\"@type\":\"WebPage\",\"@id\":\"https:\/\/www.fertiglobal.com\/pt-br\/\",\"url\":\"https:\/\/www.fertiglobal.com\/pt-br\/\",\"name\":\"Home\"}},{\"@type\":\"ListItem\",\"position\":2,\"item\":{\"@type\":\"WebPage\",\"@id\":\"https:\/\/www.fertiglobal.com\/pt-br\/sustentabilidade\/\",\"url\":\"https:\/\/www.fertiglobal.com\/pt-br\/sustentabilidade\/\",\"name\":\"Sustentabilidade\"}}]}]}<\/script>\n<!-- \/ Yoast SEO plugin. -->","_links":{"self":[{"href":"https:\/\/www.fertiglobal.com\/pt-br\/wp-json\/wp\/v2\/pages\/9768"}],"collection":[{"href":"https:\/\/www.fertiglobal.com\/pt-br\/wp-json\/wp\/v2\/pages"}],"about":[{"href":"https:\/\/www.fertiglobal.com\/pt-br\/wp-json\/wp\/v2\/types\/page"}],"author":[{"embeddable":true,"href":"https:\/\/www.fertiglobal.com\/pt-br\/wp-json\/wp\/v2\/users\/4"}],"replies":[{"embeddable":true,"href":"https:\/\/www.fertiglobal.com\/pt-br\/wp-json\/wp\/v2\/comments?post=9768"}],"version-history":[{"count":15,"href":"https:\/\/www.fertiglobal.com\/pt-br\/wp-json\/wp\/v2\/pages\/9768\/revisions"}],"predecessor-version":[{"id":11872,"href":"https:\/\/www.fertiglobal.com\/pt-br\/wp-json\/wp\/v2\/pages\/9768\/revisions\/11872"}],"wp:featuredmedia":[{"embeddable":true,"href":"https:\/\/www.fertiglobal.com\/pt-br\/wp-json\/wp\/v2\/media\/9559"}],"wp:attachment":[{"href":"https:\/\/www.fertiglobal.com\/pt-br\/wp-json\/wp\/v2\/media?parent=9768"}],"curies":[{"name":"wp","href":"https:\/\/api.w.org\/{rel}","templated":true}]}}