{"id":5743,"date":"2019-12-05T14:27:13","date_gmt":"2019-12-05T14:27:13","guid":{"rendered":"https:\/\/www.fertiglobal.com\/certifications\/"},"modified":"2026-03-26T12:38:48","modified_gmt":"2026-03-26T12:38:48","slug":"certificacoes","status":"publish","type":"page","link":"https:\/\/www.fertiglobal.com\/pt-br\/certificacoes\/","title":{"rendered":"Certifica\u00e7\u00f5es"},"content":{"rendered":"<div class=\"bt_bb_wrapper\"><section id=\"bt_section69e75fe777617\"  class=\"boldSection gutter \" ><div class=\"port\"><div class=\"boldCell\"><div class=\"boldCellInner\"><div class=\"boldRow \" ><div class=\"boldRowInner\"><div class=\"rowItem col-md-12 col-ms-12  btTextLeft\"  data-width=\"12\"><div class=\"rowItemContent\" ><div class=\"btClear btSeparator bottomSemiSpaced noBorder no-mobile\" ><hr><\/div><\/div><\/div><\/div><\/div><div class=\"boldRow \" ><div class=\"boldRowInner\"><div class=\"rowItem col-md-6 col-sm-12 btTextLeft inherit btDoublePadding no-padding-left\"  data-width=\"6\"><div class=\"rowItemContent\" ><div class=\"btText\" ><div class=\"blacktitle-dash\" style=\"margin-bottom: 0;\">\n<h2 class=\"blacktitle-dash-inner\">Certifica\u00e7\u00f5es<\/h2>\n<\/div>\n<h3 class=\"blacktitle-dash-inner\" style=\"margin-bottom: 2rem;\">Os mais altos padr\u00f5es de qualidade combinados com o compromisso ambiental<\/h3>\n<p>Todo o neg\u00f3cio da FertiGlobal \u00e9 movido pelo compromisso cont\u00ednuo de fornecer \u00e0s partes interessadas um valor crescente com respeito total ao meio ambiente, operando com os mais altos padr\u00f5es de qualidade.<br \/>\nEssa vis\u00e3o \u00e9 implementada atrav\u00e9s de um sistema integrado de Qualidade, Sa\u00fade, Meio Ambiente e Seguran\u00e7a (QHSE).<\/p>\n<\/div><div class=\"btClear btSeparator bottomSemiSpaced noBorder\" ><hr><\/div><\/div><\/div><div class=\"rowItem col-md-6 col-sm-12 btTextLeft inherit btDoublePadding\"  data-width=\"6\"><div class=\"rowItemContent\" ><div class=\"btText\" ><div class=\"certifications-container\"><div class=\"certification k-list\"><div class=\"uvc-main-heading ult-responsive\"><span><\/span><h4>ISO 9001<\/h4><\/div><ul class=\"certification-list\"><li><a href=\"https:\/\/www.fertiglobal.com\/wp-content\/uploads\/2025\/09\/CERT-ISO-9001-EN-SCL-ITALIA_scad-05-2026.pdf\" target=\"_blank\">ISO 9001 Italy<\/a><\/li><li><a href=\"https:\/\/www.fertiglobal.com\/wp-content\/uploads\/2025\/09\/CERT-ISO-9001-EN-PACK_scad.-05-2026.pdf\" target=\"_blank\">ISO 9001 Brazil<\/a><\/li><li><a href=\"https:\/\/www.fertiglobal.com\/wp-content\/uploads\/2025\/03\/01-10006-1530013_Main_EN.pdf\" target=\"_blank\">ISO 9001 Argentina<\/a><\/li><li><a href=\"https:\/\/www.fertiglobal.com\/wp-content\/uploads\/2025\/09\/CERT-ISO-9001-EN-SCL-BEIJINNG_scad.-05-20256.pdf\" target=\"_blank\">ISO 9001 China<\/a><\/li><li><a href=\"https:\/\/www.fertiglobal.com\/wp-content\/uploads\/2025\/09\/CERT-ISO-9001-EN-SCL-FILIPPINE_scad-05-2026.pdf\" target=\"_blank\">ISO 9001 Philippines<\/a><\/li><li><a href=\"https:\/\/www.fertiglobal.com\/wp-content\/uploads\/2025\/09\/CERT-ISO-9001-EN-SCL-INDIA_scad-05-2026.pdf\" target=\"_blank\">ISO 9001 India<\/a><\/li><\/ul><\/div><div class=\"certification k-list\"><div class=\"uvc-main-heading ult-responsive\"><span><\/span><h4>ISO Certifications &#8211; Others<\/h4><\/div><ul class=\"certification-list\"><li><a href=\"https:\/\/www.fertiglobal.com\/wp-content\/uploads\/2025\/07\/CERT-ISO-14001-EN_scad-03-2028.pdf\" target=\"_blank\">ISO 14001 Italy<\/a><\/li><li><a href=\"https:\/\/www.fertiglobal.com\/wp-content\/uploads\/2026\/03\/ISO-14001_2026-CERT-ESSIOD.pdf\" target=\"_blank\">ISO 14001 Argentina<\/a><\/li><li><a href=\"https:\/\/www.fertiglobal.com\/wp-content\/uploads\/2025\/01\/CERT-ISO-45001-EN_scad-12-2027-bis.pdf\" target=\"_blank\">ISO 45001 Italy<\/a><\/li><li><a href=\"https:\/\/www.fertiglobal.com\/wp-content\/uploads\/2026\/03\/ISO-45001_2026-CERT-ESSIOD.pdf\" target=\"_blank\">ISO 45001 Argentina<\/a><\/li><li><a href=\"https:\/\/www.fertiglobal.com\/wp-content\/uploads\/2025\/01\/CERT-ISO-50001-EN_scad-12-2027-bis.pdf\" target=\"_blank\">ISO 50001 Italy<\/a><\/li><\/ul><\/div><div class=\"certification k-list\"><div class=\"uvc-main-heading ult-responsive\"><span><\/span><h4>Others<\/h4><\/div><ul class=\"certification-list\"><li><a href=\"https:\/\/www.fertiglobal.com\/wp-content\/uploads\/2025\/04\/IT_002259-signed-EMAS-III.pdf\" target=\"_blank\">EMAS III &#8211; Eco Management Certificate<\/a><\/li><li><a href=\"https:\/\/www.fertiglobal.com\/wp-content\/uploads\/2025\/09\/Climate-Protection-Certificate-2024_SCL-Italia-SpA..pdf\" target=\"_blank\">Pamira &#8211; Climate Protection Certificate<\/a><\/li><li><a href=\"https:\/\/www.fertiglobal.com\/wp-content\/uploads\/2025\/07\/FSSC-22000-EN.pdf\" target=\"_blank\">FSSC 22000 ESSIOD Argentina<\/a><\/li><li><a href=\"https:\/\/www.fertiglobal.com\/wp-content\/uploads\/2025\/07\/quality.pdf\" target=\"_blank\">Quality Policy and Food Safety Policy ESSIOD Argentina<\/a><\/li><li><a href=\"https:\/\/www.fertiglobal.com\/wp-content\/uploads\/2025\/07\/Environmental.pdf\" target=\"_blank\">Environmental Occupational Health and Safety Policy ESSIOD Argentina<\/a><\/li><li><a href=\"https:\/\/www.fertiglobal.com\/wp-content\/uploads\/2021\/10\/HEAVY-METALS-ANALYSIS_report_web-oct-2021.pdf\" target=\"_blank\">Heavy Metals Analysis Report<\/a><\/li><\/ul><\/div><\/div><script>\n          jQuery(document).ready(function($) {\n            $(\".certification .uvc-main-heading\").click(function() {\n              $(this).parent().toggleClass(\"active\");\n            });\n          });\n        <\/script><\/div><\/div><\/div><\/div><\/div><\/div><\/div><\/div><\/section><\/div>","protected":false},"excerpt":{"rendered":"","protected":false},"author":1,"featured_media":5745,"parent":0,"menu_order":0,"comment_status":"closed","ping_status":"closed","template":"","meta":[],"yoast_head":"<!-- This site is optimized with the Yoast SEO plugin v15.8 - https:\/\/yoast.com\/wordpress\/plugins\/seo\/ -->\n<title>Certifica\u00e7\u00f5es - FertiGlobal<\/title>\n<meta name=\"robots\" content=\"index, follow, max-snippet:-1, max-image-preview:large, max-video-preview:-1\" \/>\n<link rel=\"canonical\" href=\"https:\/\/www.fertiglobal.com\/pt-br\/certificacoes\/\" \/>\n<meta property=\"og:locale\" content=\"pt_BR\" \/>\n<meta property=\"og:type\" content=\"article\" \/>\n<meta property=\"og:title\" content=\"Certifica\u00e7\u00f5es - FertiGlobal\" \/>\n<meta property=\"og:url\" content=\"https:\/\/www.fertiglobal.com\/pt-br\/certificacoes\/\" \/>\n<meta property=\"og:site_name\" content=\"FertiGlobal\" \/>\n<meta property=\"article:publisher\" content=\"https:\/\/www.facebook.com\/FertiGlobalinternational\/\" \/>\n<meta property=\"article:modified_time\" content=\"2026-03-26T12:38:48+00:00\" \/>\n<meta property=\"og:image\" content=\"https:\/\/www.fertiglobal.com\/wp-content\/uploads\/2020\/01\/certifications_crop.jpg\" \/>\n\t<meta property=\"og:image:width\" content=\"1600\" \/>\n\t<meta property=\"og:image:height\" content=\"392\" \/>\n<meta name=\"twitter:card\" content=\"summary_large_image\" \/>\n<meta name=\"twitter:label1\" content=\"Est. reading time\">\n\t<meta name=\"twitter:data1\" content=\"1 minuto\">\n<script type=\"application\/ld+json\" class=\"yoast-schema-graph\">{\"@context\":\"https:\/\/schema.org\",\"@graph\":[{\"@type\":\"WebSite\",\"@id\":\"https:\/\/www.fertiglobal.com\/#website\",\"url\":\"https:\/\/www.fertiglobal.com\/\",\"name\":\"FertiGlobal\",\"description\":\"A new crop management concept\",\"potentialAction\":[{\"@type\":\"SearchAction\",\"target\":\"https:\/\/www.fertiglobal.com\/?s={search_term_string}\",\"query-input\":\"required name=search_term_string\"}],\"inLanguage\":\"pt-BR\"},{\"@type\":\"ImageObject\",\"@id\":\"https:\/\/www.fertiglobal.com\/pt-br\/certificacoes\/#primaryimage\",\"inLanguage\":\"pt-BR\",\"url\":\"https:\/\/www.fertiglobal.com\/wp-content\/uploads\/2020\/01\/certifications_crop.jpg\",\"width\":1600,\"height\":392},{\"@type\":\"WebPage\",\"@id\":\"https:\/\/www.fertiglobal.com\/pt-br\/certificacoes\/#webpage\",\"url\":\"https:\/\/www.fertiglobal.com\/pt-br\/certificacoes\/\",\"name\":\"Certifica\\u00e7\\u00f5es - FertiGlobal\",\"isPartOf\":{\"@id\":\"https:\/\/www.fertiglobal.com\/#website\"},\"primaryImageOfPage\":{\"@id\":\"https:\/\/www.fertiglobal.com\/pt-br\/certificacoes\/#primaryimage\"},\"datePublished\":\"2019-12-05T14:27:13+00:00\",\"dateModified\":\"2026-03-26T12:38:48+00:00\",\"breadcrumb\":{\"@id\":\"https:\/\/www.fertiglobal.com\/pt-br\/certificacoes\/#breadcrumb\"},\"inLanguage\":\"pt-BR\",\"potentialAction\":[{\"@type\":\"ReadAction\",\"target\":[\"https:\/\/www.fertiglobal.com\/pt-br\/certificacoes\/\"]}]},{\"@type\":\"BreadcrumbList\",\"@id\":\"https:\/\/www.fertiglobal.com\/pt-br\/certificacoes\/#breadcrumb\",\"itemListElement\":[{\"@type\":\"ListItem\",\"position\":1,\"item\":{\"@type\":\"WebPage\",\"@id\":\"https:\/\/www.fertiglobal.com\/pt-br\/\",\"url\":\"https:\/\/www.fertiglobal.com\/pt-br\/\",\"name\":\"Home\"}},{\"@type\":\"ListItem\",\"position\":2,\"item\":{\"@type\":\"WebPage\",\"@id\":\"https:\/\/www.fertiglobal.com\/pt-br\/certificacoes\/\",\"url\":\"https:\/\/www.fertiglobal.com\/pt-br\/certificacoes\/\",\"name\":\"Certifica\\u00e7\\u00f5es\"}}]}]}<\/script>\n<!-- \/ Yoast SEO plugin. -->","_links":{"self":[{"href":"https:\/\/www.fertiglobal.com\/pt-br\/wp-json\/wp\/v2\/pages\/5743"}],"collection":[{"href":"https:\/\/www.fertiglobal.com\/pt-br\/wp-json\/wp\/v2\/pages"}],"about":[{"href":"https:\/\/www.fertiglobal.com\/pt-br\/wp-json\/wp\/v2\/types\/page"}],"author":[{"embeddable":true,"href":"https:\/\/www.fertiglobal.com\/pt-br\/wp-json\/wp\/v2\/users\/1"}],"replies":[{"embeddable":true,"href":"https:\/\/www.fertiglobal.com\/pt-br\/wp-json\/wp\/v2\/comments?post=5743"}],"version-history":[{"count":46,"href":"https:\/\/www.fertiglobal.com\/pt-br\/wp-json\/wp\/v2\/pages\/5743\/revisions"}],"predecessor-version":[{"id":11903,"href":"https:\/\/www.fertiglobal.com\/pt-br\/wp-json\/wp\/v2\/pages\/5743\/revisions\/11903"}],"wp:featuredmedia":[{"embeddable":true,"href":"https:\/\/www.fertiglobal.com\/pt-br\/wp-json\/wp\/v2\/media\/5745"}],"wp:attachment":[{"href":"https:\/\/www.fertiglobal.com\/pt-br\/wp-json\/wp\/v2\/media?parent=5743"}],"curies":[{"name":"wp","href":"https:\/\/api.w.org\/{rel}","templated":true}]}}