{"id":5725,"date":"2019-12-05T14:17:41","date_gmt":"2019-12-05T14:17:41","guid":{"rendered":"https:\/\/www.fertiglobal.com\/about\/"},"modified":"2025-09-29T07:14:20","modified_gmt":"2025-09-29T07:14:20","slug":"sobre","status":"publish","type":"page","link":"https:\/\/www.fertiglobal.com\/pt-br\/sobre\/","title":{"rendered":"Sobre"},"content":{"rendered":"<div class=\"bt_bb_wrapper\"><section id=\"bt_section69ee64636916b\"  class=\"boldSection gutter \" ><div class=\"port\"><div class=\"boldCell\"><div class=\"boldCellInner\"><div class=\"boldRow \" ><div class=\"boldRowInner\"><div class=\"rowItem col-md-12 col-ms-12  btTextLeft\"  data-width=\"12\"><div class=\"rowItemContent\" ><div class=\"btClear btSeparator bottomSemiSpaced noBorder\"  style=\"no-mobile\"><hr><\/div><div class=\"btText\" ><div class=\"home-large-sentence\">\n<p>As <strong>tecnologias de ponta da FertiGlobal em nutri\u00e7\u00e3o vegetal, solu\u00e7\u00f5es bioativadores<\/strong>\u00a0e <strong>fertilizantes foliares especiais<\/strong> proporcionam aplica\u00e7\u00f5es altamente eficientes para todo o ciclo de vida das mais diversas culturas em todo o mundo.<\/p>\n<\/div>\n<\/div><div class=\"btClear btSeparator bottomSemiSpaced noBorder\" ><hr><\/div><div class=\"btText\" ><p><iframe src=\"https:\/\/www.youtube.com\/embed\/NapvTcOjI2g?control=0&amp;loop=1&amp;autoplay=1&amp;mute=1\" width=\"100%\" height=\"auto\" frameborder=\"0\" allowfullscreen=\"allowfullscreen\"><\/iframe><\/p>\n<\/div><div class=\"btClear btSeparator topSmallSpaced bottomSemiSpaced noBorder\" ><hr><\/div><div class=\"btText\" ><div class=\"blacktitle-dash\">\n<div class=\"blacktitle-dash-inner\">\n<p>Empresa &amp; Hist\u00f3ria \u2013 <em>Ra\u00edzes italianas, horizontes globais<\/em><\/p>\n<\/div>\n<\/div>\n<div class=\"padded-content\">\n<p>Fundada na It\u00e1lia em 2003, a <strong>FertiGlobal <\/strong>\u00e9 a unidade de neg\u00f3cios agr\u00edcolas do <strong>Grupo Larderello<\/strong>, um dos mais antigos atores da ind\u00fastria qu\u00edmica internacional, com 200 anos de hist\u00f3ria e conhecimento.<\/p>\n<p>A FertiGlobal est\u00e1 altamente comprometida com o desenvolvimento de tecnologias inovadoras capazes de enfrentar os desafios da\u00a0<b><span lang=\"PT-BR\">agricultura moderna\u00a0<\/span><\/b>em n\u00edvel global. Solu\u00e7\u00f5es avan\u00e7adas de bioativadores e nutri\u00e7\u00e3o vegetal s\u00e3o o resultado de estudos aprofundados realizados por uma equipe internacional de cientistas em <b>laborat\u00f3rios de pesquisa de ponta <\/b>pr\u00f3prios localizados na regi\u00e3o da Toscana, pr\u00f3ximos a unidades de produ\u00e7\u00e3o dedicadas.<\/p>\n<\/div>\n<\/div><div class=\"btClear btSeparator bottomSemiSpaced noBorder\" ><hr><\/div><div class=\"btText\" ><div class=\"blacktitle-dash\">\n<div class=\"blacktitle-dash-inner\">\n<p>Miss\u00e3o \u2013\u00a0<em>Tecnologias avan\u00e7adas para a agricultura moderna<\/em><\/p>\n<\/div>\n<\/div>\n<div class=\"padded-content\">\n<p>Trabalhando na vanguarda do cen\u00e1rio agr\u00edcola global, o foco central da FertiGlobal \u00e9 garantir o\u00a0<strong>crescimento saud\u00e1vel das plantas<\/strong> e o <strong>aumento da produ\u00e7\u00e3o<\/strong> nos mais altos padr\u00f5es.<\/p>\n<p>Com mais de 200 anos de experi\u00eancia, nossa miss\u00e3o \u00e9 atender \u00e0s necessidades e desafios de uma agricultura moderna e sustent\u00e1vel por meio de <strong>Tecnologias inovadoras de bioativa\u00e7\u00e3o<\/strong> para impulsionar os sistemas de defesa das plantas.<\/p>\n<p>As tecnologias inovadoras da FertiGlobal permitem aos agricultores reduzir progressivamente o uso de produtos qu\u00edmicos, como fungicidas e bactericidas, que hoje n\u00e3o produzem mais os resultados esperados, at\u00e9 mesmo tornando as culturas menos tolerantes \u00e0s adversidades e mudan\u00e7as clim\u00e1ticas.<\/p>\n<\/div>\n<\/div><div class=\"btClear btSeparator bottomSemiSpaced noBorder\" ><hr><\/div><div class=\"btText\" ><div class=\"blacktitle-dash\">\n<div class=\"blacktitle-dash-inner\">\n<p>Vis\u00e3o \u2013\u00a0<em>Semeando o futuro da agricultura global sustent\u00e1vel<\/em><\/p>\n<\/div>\n<\/div>\n<div class=\"padded-content\">\n<p>Em um mundo afetado pela dram\u00e1tica mudan\u00e7a clim\u00e1tica e pelo cont\u00ednuo crescimento populacional, a vis\u00e3o da FertiGlobal \u00e9 reduzir o <strong>impacto ambiental da agricultura<\/strong> e diminuir o consumo de \u00e1gua.<\/p>\n<p>Gra\u00e7as ao uso de solu\u00e7\u00f5es de ponta em bioativadores e nutri\u00e7\u00e3o vegetal, a FertiGlobal visa aumentar a <strong>resili\u00eancia das plantas<\/strong> e, ao mesmo tempo, melhorar o rendimento e a produtividade das culturas.<\/p>\n<p>Inova\u00e7\u00e3o e modernidade, conhecimento e experi\u00eancia s\u00e3o os principais valores presentes em nosso DNA.<\/p>\n<\/div>\n<\/div><div class=\"btClear btSeparator bottomSemiSpaced noBorder\" ><hr><\/div><div class=\"btText\" ><div class=\"blacktitle-dash\">\n<div class=\"blacktitle-dash-inner\">\n<p>Estrat\u00e9gia \u2013\u00a0<em>Uma abordagem de gest\u00e3o de culturas inteiramente nova<\/em><\/p>\n<\/div>\n<\/div>\n<div class=\"padded-content\">\n<p>O que torna a FertiGlobal diferente dentro da ind\u00fastria agr\u00edcola global \u00e9 sua abordagem totalmente nova nesse mercado. Enquanto muitos atores est\u00e3o concentrados em desenvolver solu\u00e7\u00f5es para problemas espec\u00edficos, a FertiGlobal optou por uma abordagem de \u201c<strong>gest\u00e3o de culturas<\/strong>\u201d que leva em considera\u00e7\u00e3o todo o ciclo de vida das plantas e planta\u00e7\u00f5es.<\/p>\n<p>Gra\u00e7as a uma equipe global de especialistas altamente qualificados localizados nas principais geografias, a FertiGlobal est\u00e1 diariamente empenhada em apoiar os agricultores locais em todo o mundo para uma <strong>agricultura sustent\u00e1vel e eficiente.<\/strong><\/p>\n<p><strong>O que a FertiGlobal entende por PROTE\u00c7\u00c3O?<\/strong><\/p>\n<p>De acordo com a American Society of Plant Physiologists (ano 2000), a maioria das culturas n\u00e3o alcan\u00e7a 20% do seu potencial gen\u00e9tico de produ\u00e7\u00e3o devido ao impacto das perdas causadas pelo estresse. O estresse abi\u00f3tico e bi\u00f3tico combinado \u00e9 respons\u00e1vel por cerca de 80% da redu\u00e7\u00e3o da produtividade.<\/p>\n<p>Desde 2003, a FertiGlobal tem buscado formas inovadoras de proteger as culturas agr\u00edcolas, criando e desenvolvendo solu\u00e7\u00f5es bioativadoras, bioestimulantes e nutricionais com alto valor agregado.<\/p>\n<p>A vis\u00e3o da FertiGlobal sobre prote\u00e7\u00e3o \u00e9 abrangente:<\/p>\n<ul>\n<li>Prote\u00e7\u00e3o de dentro para fora das plantas, bioativando-as para melhor enfrentarem os estresses, promovendo aumento da produtividade e da qualidade;<\/li>\n<li>Prote\u00e7\u00e3o do solo, com Tecnologias e produtos que promovem a microbiota do solo;<\/li>\n<li>Prote\u00e7\u00e3o do meio ambiente, reduzindo a polui\u00e7\u00e3o e preservando o bioma por meio de tecnologias sustent\u00e1veis, desde a origem das mat\u00e9rias-primas at\u00e9 a aplica\u00e7\u00e3o final;<\/li>\n<li>Prote\u00e7\u00e3o de todos os seres vivos, com Tecnologias que impulsionam a cria\u00e7\u00e3o e o desenvolvimento de produtos n\u00e3o t\u00f3xicos e seguros.<\/li>\n<\/ul>\n<\/div>\n<\/div><div class=\"btClear btSeparator bottomSemiSpaced noBorder\" ><hr><\/div><\/div><\/div><\/div><\/div><\/div><\/div><\/div><\/section><\/div>","protected":false},"excerpt":{"rendered":"<p>Levando tecnologia de ponta para a nutri\u00e7\u00e3o das plantas<\/p>\n","protected":false},"author":1,"featured_media":5727,"parent":0,"menu_order":0,"comment_status":"closed","ping_status":"closed","template":"","meta":[],"yoast_head":"<!-- This site is optimized with the Yoast SEO plugin v15.8 - https:\/\/yoast.com\/wordpress\/plugins\/seo\/ -->\n<title>FertiGlobal traz tecnologia de ponta para nutri\u00e7\u00e3o de plantas<\/title>\n<meta name=\"description\" content=\"A FertiGlobal est\u00e1 comprometida com o desenvolvimento de solu\u00e7\u00f5es bioestimulantes e de nutri\u00e7\u00e3o de culturas para enfrentar os desafios da agricultura moderna em n\u00edvel global.\" \/>\n<meta name=\"robots\" content=\"index, follow, max-snippet:-1, max-image-preview:large, max-video-preview:-1\" \/>\n<link rel=\"canonical\" href=\"https:\/\/www.fertiglobal.com\/pt-br\/sobre\/\" \/>\n<meta property=\"og:locale\" content=\"pt_BR\" \/>\n<meta property=\"og:type\" content=\"article\" \/>\n<meta property=\"og:title\" content=\"FertiGlobal traz tecnologia de ponta para nutri\u00e7\u00e3o de plantas\" \/>\n<meta property=\"og:description\" content=\"A FertiGlobal est\u00e1 comprometida com o desenvolvimento de solu\u00e7\u00f5es bioestimulantes e de nutri\u00e7\u00e3o de culturas para enfrentar os desafios da agricultura moderna em n\u00edvel global.\" \/>\n<meta property=\"og:url\" content=\"https:\/\/www.fertiglobal.com\/pt-br\/sobre\/\" \/>\n<meta property=\"og:site_name\" content=\"FertiGlobal\" \/>\n<meta property=\"article:publisher\" content=\"https:\/\/www.facebook.com\/FertiGlobalinternational\/\" \/>\n<meta property=\"article:modified_time\" content=\"2025-09-29T07:14:20+00:00\" \/>\n<meta property=\"og:image\" content=\"https:\/\/www.fertiglobal.com\/wp-content\/uploads\/2020\/01\/header_fertiglobal_4_crop.jpg\" \/>\n\t<meta property=\"og:image:width\" content=\"1600\" \/>\n\t<meta property=\"og:image:height\" content=\"427\" \/>\n<meta name=\"twitter:card\" content=\"summary_large_image\" \/>\n<meta name=\"twitter:label1\" content=\"Est. reading time\">\n\t<meta name=\"twitter:data1\" content=\"3 minutos\">\n<script type=\"application\/ld+json\" class=\"yoast-schema-graph\">{\"@context\":\"https:\/\/schema.org\",\"@graph\":[{\"@type\":\"WebSite\",\"@id\":\"https:\/\/www.fertiglobal.com\/#website\",\"url\":\"https:\/\/www.fertiglobal.com\/\",\"name\":\"FertiGlobal\",\"description\":\"A new crop management concept\",\"potentialAction\":[{\"@type\":\"SearchAction\",\"target\":\"https:\/\/www.fertiglobal.com\/?s={search_term_string}\",\"query-input\":\"required name=search_term_string\"}],\"inLanguage\":\"pt-BR\"},{\"@type\":\"ImageObject\",\"@id\":\"https:\/\/www.fertiglobal.com\/pt-br\/sobre\/#primaryimage\",\"inLanguage\":\"pt-BR\",\"url\":\"https:\/\/www.fertiglobal.com\/wp-content\/uploads\/2020\/01\/header_fertiglobal_4_crop.jpg\",\"width\":1600,\"height\":427,\"caption\":\"Fertiglobal nurture and care plant photo\"},{\"@type\":\"WebPage\",\"@id\":\"https:\/\/www.fertiglobal.com\/pt-br\/sobre\/#webpage\",\"url\":\"https:\/\/www.fertiglobal.com\/pt-br\/sobre\/\",\"name\":\"FertiGlobal traz tecnologia de ponta para nutri\\u00e7\\u00e3o de plantas\",\"isPartOf\":{\"@id\":\"https:\/\/www.fertiglobal.com\/#website\"},\"primaryImageOfPage\":{\"@id\":\"https:\/\/www.fertiglobal.com\/pt-br\/sobre\/#primaryimage\"},\"datePublished\":\"2019-12-05T14:17:41+00:00\",\"dateModified\":\"2025-09-29T07:14:20+00:00\",\"description\":\"A FertiGlobal est\\u00e1 comprometida com o desenvolvimento de solu\\u00e7\\u00f5es bioestimulantes e de nutri\\u00e7\\u00e3o de culturas para enfrentar os desafios da agricultura moderna em n\\u00edvel global.\",\"breadcrumb\":{\"@id\":\"https:\/\/www.fertiglobal.com\/pt-br\/sobre\/#breadcrumb\"},\"inLanguage\":\"pt-BR\",\"potentialAction\":[{\"@type\":\"ReadAction\",\"target\":[\"https:\/\/www.fertiglobal.com\/pt-br\/sobre\/\"]}]},{\"@type\":\"BreadcrumbList\",\"@id\":\"https:\/\/www.fertiglobal.com\/pt-br\/sobre\/#breadcrumb\",\"itemListElement\":[{\"@type\":\"ListItem\",\"position\":1,\"item\":{\"@type\":\"WebPage\",\"@id\":\"https:\/\/www.fertiglobal.com\/pt-br\/\",\"url\":\"https:\/\/www.fertiglobal.com\/pt-br\/\",\"name\":\"Home\"}},{\"@type\":\"ListItem\",\"position\":2,\"item\":{\"@type\":\"WebPage\",\"@id\":\"https:\/\/www.fertiglobal.com\/pt-br\/sobre\/\",\"url\":\"https:\/\/www.fertiglobal.com\/pt-br\/sobre\/\",\"name\":\"Sobre\"}}]}]}<\/script>\n<!-- \/ Yoast SEO plugin. -->","_links":{"self":[{"href":"https:\/\/www.fertiglobal.com\/pt-br\/wp-json\/wp\/v2\/pages\/5725"}],"collection":[{"href":"https:\/\/www.fertiglobal.com\/pt-br\/wp-json\/wp\/v2\/pages"}],"about":[{"href":"https:\/\/www.fertiglobal.com\/pt-br\/wp-json\/wp\/v2\/types\/page"}],"author":[{"embeddable":true,"href":"https:\/\/www.fertiglobal.com\/pt-br\/wp-json\/wp\/v2\/users\/1"}],"replies":[{"embeddable":true,"href":"https:\/\/www.fertiglobal.com\/pt-br\/wp-json\/wp\/v2\/comments?post=5725"}],"version-history":[{"count":12,"href":"https:\/\/www.fertiglobal.com\/pt-br\/wp-json\/wp\/v2\/pages\/5725\/revisions"}],"predecessor-version":[{"id":11690,"href":"https:\/\/www.fertiglobal.com\/pt-br\/wp-json\/wp\/v2\/pages\/5725\/revisions\/11690"}],"wp:featuredmedia":[{"embeddable":true,"href":"https:\/\/www.fertiglobal.com\/pt-br\/wp-json\/wp\/v2\/media\/5727"}],"wp:attachment":[{"href":"https:\/\/www.fertiglobal.com\/pt-br\/wp-json\/wp\/v2\/media?parent=5725"}],"curies":[{"name":"wp","href":"https:\/\/api.w.org\/{rel}","templated":true}]}}