{"id":11494,"date":"2025-05-21T07:40:15","date_gmt":"2025-05-21T07:40:15","guid":{"rendered":"https:\/\/www.fertiglobal.com\/ethics\/"},"modified":"2026-03-31T08:54:46","modified_gmt":"2026-03-31T08:54:46","slug":"etica","status":"publish","type":"page","link":"https:\/\/www.fertiglobal.com\/pt-br\/etica\/","title":{"rendered":"\u00c9tica corporativa"},"content":{"rendered":"<div class=\"bt_bb_wrapper\"><section id=\"bt_section69eea941a4d09\"  class=\"boldSection topSemiSpaced bottomSemiSpaced gutter boxed inherit\" ><div class=\"port\"><div class=\"boldCell\"><div class=\"boldCellInner\"><div class=\"boldRow \" ><div class=\"boldRowInner\"><div class=\"rowItem col-md-6 col-sm-12 btTextLeft\"  data-width=\"6\"><div class=\"rowItemContent\" ><div class=\"btText\" ><h2>Quality policy<\/h2>\n<p><strong>Qualidade, Sa\u00fade, Seguran\u00e7a,<\/strong><br \/>\n<strong>Meio ambiente e Energia (QHSE e Energia)<\/strong><br \/>\n<strong>Pol\u00edticas do Fertiglobal<\/strong><\/p>\n<\/div><\/div><\/div><div class=\"rowItem col-md-6 col-sm-12 btTextLeft\"  data-width=\"6\"><div class=\"rowItemContent\" ><div class=\"bpgPhoto btDefaultHoverType\" ><div class=\"btImage\"><img src=\"https:\/\/www.fertiglobal.com\/wp-content\/uploads\/2025\/05\/ethics-quality.jpg\" alt=\"\" title=\"\"><\/div><\/div><\/div><\/div><\/div><\/div><\/div><\/div><\/div><\/section><section id=\"bt_section69eea941a7002\"  class=\"boldSection topSemiSpaced bottomSemiSpaced gutter boxed inherit\" ><div class=\"port\"><div class=\"boldCell\"><div class=\"boldCellInner\"><div class=\"boldRow \" ><div class=\"boldRowInner\"><div class=\"rowItem col-md-6 col-sm-12 btTextLeft\"  data-width=\"6\"><div class=\"rowItemContent\" ><div class=\"btText\" ><h4><strong>Nossa vis\u00e3o<\/strong><\/h4>\n<p><strong>Fertiglobal<\/strong> pretende ser reconhecido como uma ind\u00fastria l\u00edder na \u00e1rea da Qualidade, Sa\u00fade e Seguran\u00e7a das pessoas, nas \u00e1reas de Gest\u00e3o Ambiental e Energ\u00e9tica (QSMS &amp; Energia) em todos os setores em que atua, fornecendo solu\u00e7\u00f5es inovadoras e respondendo \u00e0s necessidades dos nossos clientes em linha com os princ\u00edpios globais de desenvolvimento sustent\u00e1vel e sistemas de gest\u00e3o integrados.<\/p>\n<h4><strong>Nossos princ\u00edpios<\/strong><\/h4>\n<p><strong>Fertiglobal<\/strong> conduz seus neg\u00f3cios em conformidade com o meio ambiente, protegendo a sa\u00fade e a seguran\u00e7a das pessoas, funcion\u00e1rios, colaboradores, clientes e da comunidade, em todos os locais onde atua.<\/p>\n<ul>\n<li>comprometendo-se a melhorar constantemente seus processos, respeitando os requisitos legislativos e regulat\u00f3rios e as normas internacionais aplic\u00e1veis<\/li>\n<li>oferecendo produtos e servi\u00e7os de alta qualidade para contribuir com o sucesso de seus clientes e o crescimento do grupo<\/li>\n<li>adotando uma abordagem aberta, \u00e9tica e transparente nas comunica\u00e7\u00f5es, em quest\u00f5es de QSMS &amp; Energia<\/li>\n<li>investindo em compet\u00eancias e assegurando os recursos necess\u00e1rios para alcan\u00e7ar os objetivos comuns<\/li>\n<\/ul>\n<p><strong>Fertiglobal<\/strong>\u00a0considera a sustentabilidade um pilar estrat\u00e9gico para a competitividade e o progresso. Por isso, o grupo est\u00e1 comprometido com a implementa\u00e7\u00e3o de uma pol\u00edtica corporativa voltada para a responsabilidade social, ambiental e \u00e9tica, capaz de gerar valor ao longo do tempo para todas as partes interessadas.<\/p>\n<p><strong>Nosso compromisso<\/strong><\/p>\n<p>Para seguir esses princ\u00edpios, <strong>Fertiglobal<\/strong>\u00a0desenvolveu um processo estruturado para medir e reduzir sua pegada de carbono, tanto em n\u00edvel corporativo quanto de produto, em conformidade com as normas ISO 14064 e o Protocolo GHG, como parte integrante da estrat\u00e9gia de longo prazo para o clima e a sustentabilidade.<\/p>\n<p>Al\u00e9m disso, <strong>Fertiglobal<\/strong> compromete-se<\/p>\n<ul>\n<li>para a Qualidade realizar suas atividades de acordo com a norma UNI EN ISO 9001: 2015, mantendo adequada a qualidade dos produtos fornecidos<\/li>\n<li>Para as quest\u00f5es ambientais, realizar suas atividades em conformidade com a norma UNI EN ISO 14001:2015 e o Regulamento CE\/1221\/2009 (EMAS III),\n<ul>\n<li>verificar a adequa\u00e7\u00e3o do contexto em que atua<\/li>\n<li>providenciar uma avalia\u00e7\u00e3o peri\u00f3dica das obriga\u00e7\u00f5es de conformidade aplic\u00e1veis<\/li>\n<li>providenciar uma avalia\u00e7\u00e3o peri\u00f3dica dos riscos e impactos ambientais de suas atividades e riscos relacionados, buscando solu\u00e7\u00f5es para minimizar quaisquer efeitos negativos de suas atividades no meio ambiente<\/li>\n<\/ul>\n<\/li>\n<\/ul>\n<\/div><\/div><\/div><div class=\"rowItem col-md-6 col-sm-12 btTextLeft\"  data-width=\"6\"><div class=\"rowItemContent\" ><div class=\"btText\" ><ul>\n<li style=\"list-style-type: none;\">\n<ul>\n<li>implementar uma comunica\u00e7\u00e3o transparente de suas atividades no campo ambiental<\/li>\n<li>dando especial aten\u00e7\u00e3o \u00e0 gest\u00e3o de res\u00edduos, trabalhando para um descarte orientado para a reciclagem de materiais<\/li>\n<\/ul>\n<\/li>\n<li>para as quest\u00f5es de Sa\u00fade e Seguran\u00e7a no Trabalho compromete-se a realizar suas atividades de acordo com a norma UNI ISO 45001: 2018\n<ul>\n<li>verificar a implementa\u00e7\u00e3o das disposi\u00e7\u00f5es legais sobre seguran\u00e7a no trabalho<\/li>\n<li>consultar e envolver os trabalhadores e, quando estabelecido, os representantes dos trabalhadores em rela\u00e7\u00e3o aos aspectos inerentes aos riscos para a sa\u00fade dos pr\u00f3prios trabalhadores<\/li>\n<li>planejar, desenvolver e implementar planos para a elimina\u00e7\u00e3o de riscos \u00e0 sa\u00fade dos trabalhadores<\/li>\n<li>por meio da ado\u00e7\u00e3o de um Sistema de Organiza\u00e7\u00e3o, Gest\u00e3o e Controle, nos termos do Decreto Legislativo italiano n\u00ba 231, de 8 de junho de 2001, destinado \u00e0 preven\u00e7\u00e3o dos crimes previstos na legisla\u00e7\u00e3o aplic\u00e1vel e coerente com a estrutura organizacional e as atividades desenvolvidas (aqui \u00e9 poss\u00edvel consultar a informa\u00e7\u00e3o em <a href=\"https:\/\/www.fertiglobal.com\/wp-content\/uploads\/2026\/01\/Information-Notice-\u2013-Organisation-Management-and-Control-System-pursuant-to-Legislative-Decree-231-2001.pdf\">ingl\u00eas<\/a> e em <a href=\"https:\/\/www.fertiglobal.com\/wp-content\/uploads\/2026\/01\/Informativa-sul-Sistema-di-Organizzazione-Gestione-e-Controllo-ex-D.Lgs_.-231-2001.pdf\">italiano<\/a>)<\/li>\n<\/ul>\n<\/li>\n<li>para que a Preven\u00e7\u00e3o de Acidentes Graves exer\u00e7a suas atividades de acordo com o Decreto Legislativo 105\/2015\n<ul>\n<li>fornecer ferramentas adequadas para a implementa\u00e7\u00e3o e manuten\u00e7\u00e3o do sistema de gest\u00e3o de acidentes graves (manuais, procedimentos, instru\u00e7\u00f5es de opera\u00e7\u00e3o, etc.) e divulg\u00e1-los a todo o pessoal<\/li>\n<li>informar, treinar e capacitar todos os colaboradores para que possam operar com pleno conhecimento dos riscos potenciais associados ao neg\u00f3cio<\/li>\n<li>informar, previamente \u00e0 sua entrada na f\u00e1brica, todos os colaboradores, colaboradores de empresas externas, transportadores terceirizados e visitantes ocasionais, sobre os riscos envolvidos e sobre a organiza\u00e7\u00e3o respons\u00e1vel pela gest\u00e3o de seguran\u00e7a e emerg\u00eancia dentro da empresa<\/li>\n<li>providenciar medidas apropriadas para que o pessoal terceirizado que opera na planta adote comportamentos, pr\u00e1ticas e procedimentos consistentes com esta pol\u00edtica de preven\u00e7\u00e3o de acidentes graves<\/li>\n<li>para t\u00f3picos espec\u00edficos, consulte a Pol\u00edtica de Preven\u00e7\u00e3o de Acidentes Graves (Pol\u00edtica PIR)<\/li>\n<\/ul>\n<\/li>\n<li>para a Efici\u00eancia Energ\u00e9tica realizar suas atividades de acordo com a norma UNI CEI EN ISO 50001: 2018\n<ul>\n<li>garantir aten\u00e7\u00e3o \u00e0 economia e efici\u00eancia energ\u00e9tica desde a fase de aquisi\u00e7\u00e3o<\/li>\n<li>aplicar princ\u00edpios de efici\u00eancia a todos os aspectos energ\u00e9ticos que envolvem a empresa, como o uso de m\u00e1quinas de escrit\u00f3rio, sistemas de ilumina\u00e7\u00e3o, refrigera\u00e7\u00e3o e aquecimento, m\u00e9todos de processamento<\/li>\n<li>implementar o monitoramento e controle do consumo de energia dos escrit\u00f3rios e plantas<\/li>\n<li>planejar as atividades de trabalho com vistas \u00e0 efici\u00eancia energ\u00e9tica, sempre que poss\u00edvel e, em qualquer caso, garantindo a continuidade dos processos<\/li>\n<\/ul>\n<\/li>\n<\/ul>\n<p>Como prova de seu compromisso concreto, <strong>Fertiglobal<\/strong> obteve a Medalha de Prata da EcoVadis, posicionando-se entre as melhores empresas internacionais avaliadas em sustentabilidade ambiental, \u00e9tica, responsabilidade social e compras sustent\u00e1veis. Esse reconhecimento confirma a solidez de sua abordagem ESG (Ambiental, Social e Governan\u00e7a).<\/p>\n<p><em>Fertiglobal, 11 de abril de 2025<\/em><\/p>\n<\/div><div class=\"btText\" ><p style=\"text-align: right;\"><span style=\"color: #4e8b3f;\"><strong>Paolo Bonini<br \/>\n<\/strong>Executive Chairman<\/span><\/p>\n<\/div><\/div><\/div><\/div><\/div><\/div><\/div><\/div><\/section><section id=\"bt_section69eea941a7a03\"  class=\"boldSection topSemiSpaced bottomSemiSpaced gutter boxed inherit\" style=\"background-color:#f5f5f5  !important;\"><div class=\"port\"><div class=\"boldCell\"><div class=\"boldCellInner\"><div class=\"boldRow \" ><div class=\"boldRowInner\"><div class=\"rowItem col-md-6 col-sm-12 btTextLeft\"  data-width=\"6\"><div class=\"rowItemContent\" ><div class=\"btText\" ><p>Esta vis\u00e3o \u00e9 implantada atrav\u00e9s de um sistema integrado de Qualidade, Sa\u00fade, Meio Ambiente e Seguran\u00e7a (QHSE).<\/p>\n<ul>\n<li>Certifica\u00e7\u00e3o Ambiental ISO 14001<\/li>\n<li>Certifica\u00e7\u00e3o do Sistema de Qualidade ISO 9001<\/li>\n<li>Certifica\u00e7\u00e3o de Sa\u00fade e Seguran\u00e7a ISO 45001<\/li>\n<li>Certifica\u00e7\u00e3o do Sistema de Gest\u00e3o de Energia ISO 50001<\/li>\n<li>Certifica\u00e7\u00e3o Padr\u00e3o de Seguran\u00e7a Alimentar FSSC 22000<\/li>\n<li>Certifica\u00e7\u00e3o de Qualidade de Fertilizantes<\/li>\n<li>Certifica\u00e7\u00e3o de Prote\u00e7\u00e3o Clim\u00e1tica PAMIRA<\/li>\n<li>Certifica\u00e7\u00e3o de Eco-Management e Audit Scheme<\/li>\n<\/ul>\n<\/div><\/div><\/div><div class=\"rowItem col-md-6 col-sm-12 btTextLeft inherit k-list\"  data-width=\"6\"><div class=\"rowItemContent\" ><div class=\"btText\" ><div class=\"certifications-container\"><div class=\"certification k-list\"><div class=\"uvc-main-heading ult-responsive\"><span><\/span><h4>ISO 9001<\/h4><\/div><ul class=\"certification-list\"><li><a href=\"https:\/\/www.fertiglobal.com\/wp-content\/uploads\/2025\/09\/CERT-ISO-9001-EN-SCL-ITALIA_scad-05-2026.pdf\" target=\"_blank\">ISO 9001 Italy<\/a><\/li><li><a href=\"https:\/\/www.fertiglobal.com\/wp-content\/uploads\/2025\/09\/CERT-ISO-9001-EN-PACK_scad.-05-2026.pdf\" target=\"_blank\">ISO 9001 Brazil<\/a><\/li><li><a href=\"https:\/\/www.fertiglobal.com\/wp-content\/uploads\/2025\/03\/01-10006-1530013_Main_EN.pdf\" target=\"_blank\">ISO 9001 Argentina<\/a><\/li><li><a href=\"https:\/\/www.fertiglobal.com\/wp-content\/uploads\/2025\/09\/CERT-ISO-9001-EN-SCL-BEIJINNG_scad.-05-20256.pdf\" target=\"_blank\">ISO 9001 China<\/a><\/li><li><a href=\"https:\/\/www.fertiglobal.com\/wp-content\/uploads\/2025\/09\/CERT-ISO-9001-EN-SCL-FILIPPINE_scad-05-2026.pdf\" target=\"_blank\">ISO 9001 Philippines<\/a><\/li><li><a href=\"https:\/\/www.fertiglobal.com\/wp-content\/uploads\/2025\/09\/CERT-ISO-9001-EN-SCL-INDIA_scad-05-2026.pdf\" target=\"_blank\">ISO 9001 India<\/a><\/li><\/ul><\/div><div class=\"certification k-list\"><div class=\"uvc-main-heading ult-responsive\"><span><\/span><h4>ISO Certifications &#8211; Others<\/h4><\/div><ul class=\"certification-list\"><li><a href=\"https:\/\/www.fertiglobal.com\/wp-content\/uploads\/2025\/07\/CERT-ISO-14001-EN_scad-03-2028.pdf\" target=\"_blank\">ISO 14001 Italy<\/a><\/li><li><a href=\"https:\/\/www.fertiglobal.com\/wp-content\/uploads\/2026\/03\/ISO-14001_2026-CERT-ESSIOD.pdf\" target=\"_blank\">ISO 14001 Argentina<\/a><\/li><li><a href=\"https:\/\/www.fertiglobal.com\/wp-content\/uploads\/2025\/01\/CERT-ISO-45001-EN_scad-12-2027-bis.pdf\" target=\"_blank\">ISO 45001 Italy<\/a><\/li><li><a href=\"https:\/\/www.fertiglobal.com\/wp-content\/uploads\/2026\/03\/ISO-45001_2026-CERT-ESSIOD.pdf\" target=\"_blank\">ISO 45001 Argentina<\/a><\/li><li><a href=\"https:\/\/www.fertiglobal.com\/wp-content\/uploads\/2025\/01\/CERT-ISO-50001-EN_scad-12-2027-bis.pdf\" target=\"_blank\">ISO 50001 Italy<\/a><\/li><\/ul><\/div><div class=\"certification k-list\"><div class=\"uvc-main-heading ult-responsive\"><span><\/span><h4>Others<\/h4><\/div><ul class=\"certification-list\"><li><a href=\"https:\/\/www.fertiglobal.com\/wp-content\/uploads\/2025\/04\/IT_002259-signed-EMAS-III.pdf\" target=\"_blank\">EMAS III &#8211; Eco Management Certificate<\/a><\/li><li><a href=\"https:\/\/www.fertiglobal.com\/wp-content\/uploads\/2025\/09\/Climate-Protection-Certificate-2024_SCL-Italia-SpA..pdf\" target=\"_blank\">Pamira &#8211; Climate Protection Certificate<\/a><\/li><li><a href=\"https:\/\/www.fertiglobal.com\/wp-content\/uploads\/2025\/07\/FSSC-22000-EN.pdf\" target=\"_blank\">FSSC 22000 ESSIOD Argentina<\/a><\/li><li><a href=\"https:\/\/www.fertiglobal.com\/wp-content\/uploads\/2025\/07\/quality.pdf\" target=\"_blank\">Quality Policy and Food Safety Policy ESSIOD Argentina<\/a><\/li><li><a href=\"https:\/\/www.fertiglobal.com\/wp-content\/uploads\/2025\/07\/Environmental.pdf\" target=\"_blank\">Environmental Occupational Health and Safety Policy ESSIOD Argentina<\/a><\/li><li><a href=\"https:\/\/www.fertiglobal.com\/wp-content\/uploads\/2021\/10\/HEAVY-METALS-ANALYSIS_report_web-oct-2021.pdf\" target=\"_blank\">Heavy Metals Analysis Report<\/a><\/li><\/ul><\/div><\/div><script>\n          jQuery(document).ready(function($) {\n            $(\".certification .uvc-main-heading\").click(function() {\n              $(this).parent().toggleClass(\"active\");\n            });\n          });\n        <\/script><\/div><\/div><\/div><\/div><\/div><\/div><\/div><\/div><\/section><\/div>","protected":false},"excerpt":{"rendered":"","protected":false},"author":4,"featured_media":11490,"parent":0,"menu_order":0,"comment_status":"closed","ping_status":"closed","template":"","meta":[],"yoast_head":"<!-- This site is optimized with the Yoast SEO plugin v15.8 - https:\/\/yoast.com\/wordpress\/plugins\/seo\/ -->\n<title>\u00c9tica corporativa - FertiGlobal<\/title>\n<meta name=\"robots\" content=\"index, follow, max-snippet:-1, max-image-preview:large, max-video-preview:-1\" \/>\n<link rel=\"canonical\" href=\"https:\/\/www.fertiglobal.com\/pt-br\/etica\/\" \/>\n<meta property=\"og:locale\" content=\"pt_BR\" \/>\n<meta property=\"og:type\" content=\"article\" \/>\n<meta property=\"og:title\" content=\"\u00c9tica corporativa - FertiGlobal\" \/>\n<meta property=\"og:url\" content=\"https:\/\/www.fertiglobal.com\/pt-br\/etica\/\" \/>\n<meta property=\"og:site_name\" content=\"FertiGlobal\" \/>\n<meta property=\"article:publisher\" content=\"https:\/\/www.facebook.com\/FertiGlobalinternational\/\" \/>\n<meta property=\"article:modified_time\" content=\"2026-03-31T08:54:46+00:00\" \/>\n<meta property=\"og:image\" content=\"https:\/\/www.fertiglobal.com\/wp-content\/uploads\/2025\/05\/ethics.jpg\" \/>\n\t<meta property=\"og:image:width\" content=\"1920\" \/>\n\t<meta property=\"og:image:height\" content=\"508\" \/>\n<meta name=\"twitter:card\" content=\"summary_large_image\" \/>\n<meta name=\"twitter:label1\" content=\"Est. reading time\">\n\t<meta name=\"twitter:data1\" content=\"5 minutos\">\n<script type=\"application\/ld+json\" class=\"yoast-schema-graph\">{\"@context\":\"https:\/\/schema.org\",\"@graph\":[{\"@type\":\"WebSite\",\"@id\":\"https:\/\/www.fertiglobal.com\/#website\",\"url\":\"https:\/\/www.fertiglobal.com\/\",\"name\":\"FertiGlobal\",\"description\":\"A new crop management concept\",\"potentialAction\":[{\"@type\":\"SearchAction\",\"target\":\"https:\/\/www.fertiglobal.com\/?s={search_term_string}\",\"query-input\":\"required name=search_term_string\"}],\"inLanguage\":\"pt-BR\"},{\"@type\":\"ImageObject\",\"@id\":\"https:\/\/www.fertiglobal.com\/pt-br\/etica\/#primaryimage\",\"inLanguage\":\"pt-BR\",\"url\":\"https:\/\/www.fertiglobal.com\/wp-content\/uploads\/2025\/05\/ethics.jpg\",\"width\":1920,\"height\":508},{\"@type\":\"WebPage\",\"@id\":\"https:\/\/www.fertiglobal.com\/pt-br\/etica\/#webpage\",\"url\":\"https:\/\/www.fertiglobal.com\/pt-br\/etica\/\",\"name\":\"\\u00c9tica corporativa - FertiGlobal\",\"isPartOf\":{\"@id\":\"https:\/\/www.fertiglobal.com\/#website\"},\"primaryImageOfPage\":{\"@id\":\"https:\/\/www.fertiglobal.com\/pt-br\/etica\/#primaryimage\"},\"datePublished\":\"2025-05-21T07:40:15+00:00\",\"dateModified\":\"2026-03-31T08:54:46+00:00\",\"breadcrumb\":{\"@id\":\"https:\/\/www.fertiglobal.com\/pt-br\/etica\/#breadcrumb\"},\"inLanguage\":\"pt-BR\",\"potentialAction\":[{\"@type\":\"ReadAction\",\"target\":[\"https:\/\/www.fertiglobal.com\/pt-br\/etica\/\"]}]},{\"@type\":\"BreadcrumbList\",\"@id\":\"https:\/\/www.fertiglobal.com\/pt-br\/etica\/#breadcrumb\",\"itemListElement\":[{\"@type\":\"ListItem\",\"position\":1,\"item\":{\"@type\":\"WebPage\",\"@id\":\"https:\/\/www.fertiglobal.com\/pt-br\/\",\"url\":\"https:\/\/www.fertiglobal.com\/pt-br\/\",\"name\":\"Home\"}},{\"@type\":\"ListItem\",\"position\":2,\"item\":{\"@type\":\"WebPage\",\"@id\":\"https:\/\/www.fertiglobal.com\/pt-br\/etica\/\",\"url\":\"https:\/\/www.fertiglobal.com\/pt-br\/etica\/\",\"name\":\"\\u00c9tica corporativa\"}}]}]}<\/script>\n<!-- \/ Yoast SEO plugin. -->","_links":{"self":[{"href":"https:\/\/www.fertiglobal.com\/pt-br\/wp-json\/wp\/v2\/pages\/11494"}],"collection":[{"href":"https:\/\/www.fertiglobal.com\/pt-br\/wp-json\/wp\/v2\/pages"}],"about":[{"href":"https:\/\/www.fertiglobal.com\/pt-br\/wp-json\/wp\/v2\/types\/page"}],"author":[{"embeddable":true,"href":"https:\/\/www.fertiglobal.com\/pt-br\/wp-json\/wp\/v2\/users\/4"}],"replies":[{"embeddable":true,"href":"https:\/\/www.fertiglobal.com\/pt-br\/wp-json\/wp\/v2\/comments?post=11494"}],"version-history":[{"count":5,"href":"https:\/\/www.fertiglobal.com\/pt-br\/wp-json\/wp\/v2\/pages\/11494\/revisions"}],"predecessor-version":[{"id":11908,"href":"https:\/\/www.fertiglobal.com\/pt-br\/wp-json\/wp\/v2\/pages\/11494\/revisions\/11908"}],"wp:featuredmedia":[{"embeddable":true,"href":"https:\/\/www.fertiglobal.com\/pt-br\/wp-json\/wp\/v2\/media\/11490"}],"wp:attachment":[{"href":"https:\/\/www.fertiglobal.com\/pt-br\/wp-json\/wp\/v2\/media?parent=11494"}],"curies":[{"name":"wp","href":"https:\/\/api.w.org\/{rel}","templated":true}]}}