{"id":9769,"date":"2022-02-17T21:31:51","date_gmt":"2022-02-17T21:31:51","guid":{"rendered":"https:\/\/www.fertiglobal.com\/sustainability\/"},"modified":"2026-02-12T14:04:48","modified_gmt":"2026-02-12T14:04:48","slug":"sustentabilidad","status":"publish","type":"page","link":"https:\/\/www.fertiglobal.com\/es\/sustentabilidad\/","title":{"rendered":"Sustentabilidad"},"content":{"rendered":"<section id=\"bt_section69ef8ca10faf8\"  class=\"boldSection gutter \" ><div class=\"port\"><div class=\"boldCell\"><div class=\"boldCellInner\"><div class=\"boldRow \" ><div class=\"boldRowInner\"><div class=\"rowItem col-md-12 col-ms-12  btTextLeft\"  data-width=\"12\"><div class=\"rowItemContent\" ><div class=\"btClear btSeparator topSmallSpaced bottomSemiSpaced noBorder no-mobile\" ><hr><\/div><div class=\"btText\" ><div class=\"home-large-sentence\">Nuestro objetivo es la constante creaci\u00f3n de valores agregados y oportunidades al conectar nuestra empresa con los lugares donde operamos y al cuidar el medio ambiente donde vivimos.<\/div>\n<\/div><div class=\"btClear btSeparator topSmallSpaced bottomSemiSpaced noBorder no-mobile\" ><hr><\/div><\/div><\/div><\/div><\/div><\/div><\/div><\/div><\/section><section id=\"bt_section69ef8ca1101ec\"  class=\"boldSection gutter boxed inherit\" ><div class=\"port\"><div class=\"boldCell\"><div class=\"boldCellInner\"><div class=\"boldRow \" ><div class=\"boldRowInner\"><div class=\"rowItem col-md-2  col-sm-4 col-ms-12 btTextLeft\"  data-width=\"2\"><div class=\"rowItemContent\" ><div class=\"bpgPhoto btDefaultHoverType\" ><div class=\"btImage\"><img src=\"https:\/\/www.fertiglobal.com\/wp-content\/uploads\/2022\/02\/Logo-Enel-English-2-DEF.png\" alt=\"\" title=\"\"><\/div><\/div><div class=\"btText\" ><p class=\"k-text-low\">Respetamos el medio ambiente utilizando \u00fanicamente energ\u00eda producida a partir de fuentes renovables como el agua, el sol, el viento y el calor de la tierra, certificadas por el sistema de \u201cgarant\u00edas de origen\u201d del proveedor de servicios energ\u00e9ticos, seg\u00fan la directiva 2009\/28\/CE.<\/p>\n<\/div><\/div><\/div><div class=\"rowItem col-md-10 col-ms-12  btTextLeft\"  data-width=\"10\"><div class=\"rowItemContent\" ><div class=\"btText\" ><div class=\"greentitle-dash\"><\/div>\n<p>En nuestra \u00e1rea de producci\u00f3n utilizamos elementos abundantes y generalizados de la naturaleza para asegurar soluciones sustentables innovadoras generadas a trav\u00e9s de la energ\u00eda verde. El calor de la tierra nos acompa\u00f1a en todas nuestras actividades, al reducir dr\u00e1sticamente los niveles de emisiones de CO<sub>2<\/sub>, mientras que la captaci\u00f3n de agua de lluvia contribuye a reducir el desperdicio de recursos naturales durante los procesos de producci\u00f3n.<br \/>\nA trav\u00e9s de esa gesti\u00f3n virtuosa de todos los procesos industriales, somos cada vez m\u00e1s independientes de cualquier otra fuente importante, como el agotamiento de energ\u00edas dependientes de pa\u00edses extranjeros, que podr\u00eda limitar nuestro desarrollo. Con la energ\u00eda renovable, ayudamos a disminuir la prevalencia de contaminantes da\u00f1inos y contribuimos a tener un ambiente m\u00e1s saludable en general.<\/p>\n<\/div><div class=\"btClear btSeparator topSmallSpaced bottomSemiSpaced noBorder no-mobile\" ><hr><\/div><div class=\"btText\" ><div class=\"greentitle-dash\"><\/div>\n<p>Cambiamos nuestra forma de movilidad al adoptar soluciones el\u00e9ctricas capaces de reducir a\u00fan m\u00e1s la contaminaci\u00f3n.<br \/>\nEsta tecnolog\u00eda est\u00e1 en constante evoluci\u00f3n, al hacer cada vez m\u00e1s eficiente la movilidad el\u00e9ctrica y al crear nuevos usos para la misma. Al no tener motores de combusti\u00f3n, los veh\u00edculos el\u00e9ctricos evitan la emisi\u00f3n de toneladas de gases de efecto invernadero, lo que a su vez, ayuda a combatir los efectos del cambio clim\u00e1tico.<\/p>\n<\/div><div class=\"btClear btSeparator topSmallSpaced bottomSemiSpaced noBorder no-mobile\" ><hr><\/div><\/div><\/div><\/div><\/div><div class=\"boldRow \" ><div class=\"boldRowInner\"><div class=\"rowItem col-md-4 col-ms-12 btTextCenter inherit\"  data-width=\"4\"><div class=\"rowItemContent\" ><div class=\"bpgPhoto btDefaultHoverType\" ><div class=\"btImage\"><img src=\"https:\/\/www.fertiglobal.com\/wp-content\/uploads\/2022\/02\/MARCHIO-SocialProjescs-02-320x167.png\" alt=\"\" title=\"\"><\/div><\/div><\/div><\/div><div class=\"rowItem col-md-8 col-ms-12 btTextLeft\"  data-width=\"8\"><div class=\"rowItemContent\" ><\/div><\/div><\/div><\/div><div class=\"boldRow \" ><div class=\"boldRowInner\"><div class=\"rowItem col-md-2  col-sm-4 col-ms-12 btTextLeft\"  data-width=\"2\"><div class=\"rowItemContent\" ><\/div><\/div><div class=\"rowItem col-md-10 col-ms-12  btTextLeft\"  data-width=\"10\"><div class=\"rowItemContent\" ><div class=\"btText\" ><div class=\"greentitle-dash\"><\/div>\n<p>Prestamos especial atenci\u00f3n a la responsabilidad social al dar nuevas oportunidades a las personas y al potenciar las relaciones positivas. Los proyectos se toman en consideraci\u00f3n y se aplican de forma regular en los territorios donde operamos.<br \/>\nLas relaciones con algunos socios son activas para explotar todo el potencial en la integraci\u00f3n del entorno social a un bienestar com\u00fan. Construimos una comunidad entre las partes interesadas y la confianza del mercado en nosotros. Nuestra atenci\u00f3n al territorio no solo tiene ventajas para la propia empresa, sino que tambi\u00e9n beneficia a la comunidad y sociedad en general.<\/p>\n<\/div><div class=\"btClear btSeparator topSmallSpaced bottomSemiSpaced noBorder no-mobile\" ><hr><\/div><\/div><\/div><\/div><\/div><div class=\"boldRow \" ><div class=\"boldRowInner\"><div class=\"rowItem col-md-2  col-sm-4 col-ms-12 btTextLeft\"  data-width=\"2\"><div class=\"rowItemContent\" ><div class=\"bpgPhoto btDefaultHoverType\" ><div class=\"btImage\"><img src=\"https:\/\/www.fertiglobal.com\/wp-content\/uploads\/2025\/11\/FAI_CGD_Logo-260-by-183.jpg\" alt=\"\" title=\"\"><\/div><\/div><\/div><\/div><div class=\"rowItem col-md-10 col-ms-12  btTextLeft\"  data-width=\"10\"><div class=\"rowItemContent\" ><div class=\"btText\" ><div class=\"greentitle-dash\"><\/div>\n<p><strong>Preservaci\u00f3n del Patrimonio Cultural<br \/>\n<\/strong>Apoyamos al <strong><a href=\"http:\/\/www.fondoambiente.it\">FAI<\/a>, a trav\u00e9s de nuestra adhesi\u00f3n al programa de membres\u00eda Corporate Golden Donor<\/strong>, para contribuir a la protecci\u00f3n y promoci\u00f3n del patrimonio hist\u00f3rico, art\u00edstico y paisaj\u00edstico de Italia. Este compromiso refleja nuestro enfoque amplio de la sostenibilidad: preservar lo que nos rodea significa proteger los recursos para las generaciones futuras. A trav\u00e9s de iniciativas concretas y de la colaboraci\u00f3n con el <a href=\"http:\/\/www.fondoambiente.it\">FAI<\/a>, participamos activamente en la conservaci\u00f3n de lugares de valor hist\u00f3rico y ambiental, promoviendo una cultura de responsabilidad y cuidado compartido.<\/p>\n<\/div><\/div><\/div><\/div><\/div><div class=\"boldRow \" ><div class=\"boldRowInner\"><div class=\"rowItem col-md-2  col-sm-4 col-ms-12 btTextLeft\"  data-width=\"2\"><div class=\"rowItemContent\" ><div class=\"bpgPhoto btDefaultHoverType\" ><div class=\"btImage\"><img src=\"https:\/\/www.fertiglobal.com\/wp-content\/uploads\/2025\/11\/BANNER-TELETHON-260-by-111.jpg\" alt=\"\" title=\"\"><\/div><\/div><\/div><\/div><div class=\"rowItem col-md-10 col-ms-12  btTextLeft\"  data-width=\"10\"><div class=\"rowItemContent\" ><div class=\"btText\" ><div class=\"greentitle-dash\"><\/div>\n<p><strong>Apoyo a la Investigaci\u00f3n en Salud<\/strong><br \/>\nNuestro compromiso con la innovaci\u00f3n va m\u00e1s all\u00e1 de I+D industrial: apoyamos activamente a <a href=\"https:\/\/www.fondazionetelethon.it\/en\/\"><strong>Telethon<\/strong><\/a>, contribuyendo a proyectos de investigaci\u00f3n cient\u00edfica dedicados al avance de la salud y a la mejora de la calidad de vida. Este compromiso tambi\u00e9n refleja la filosof\u00eda de nuestro centro de investigaci\u00f3n, donde desarrollamos soluciones innovadoras y sostenibles que generan un impacto positivo en la sociedad.<\/p>\n<\/div><\/div><\/div><\/div><\/div><div class=\"boldRow \" ><div class=\"boldRowInner\"><div class=\"rowItem col-md-2  col-sm-4 col-ms-12 btTextLeft\"  data-width=\"2\"><div class=\"rowItemContent\" ><div class=\"bpgPhoto btDefaultHoverType\" ><div class=\"btImage\"><img src=\"https:\/\/www.fertiglobal.com\/wp-content\/uploads\/2025\/09\/Medal.png\" alt=\"\" title=\"\"><\/div><\/div><\/div><\/div><div class=\"rowItem col-md-10 col-ms-12  btTextLeft\"  data-width=\"10\"><div class=\"rowItemContent\" ><div class=\"btText\" ><div class=\"greentitle-dash\"><\/div>\n<p><strong>Larderello Group obtiene la medalla de plata de EcoVadis por su destacado desempe\u00f1o en ESG<\/strong><br \/>\nLa sostenibilidad de nuestras pr\u00e1cticas ha sido reconocida de manera independiente por <a href=\"https:\/\/ecovadis.com\/\"><strong>EcoVadis<\/strong><\/a> con la <strong>Medalla de Plata<\/strong>, posicionando a Larderello Group y a <a class=\"link-no-color\" href=\"https:\/\/recognition.ecovadis.com\/axhptTNksE65w1diAnNN_w\" target=\"_blank\" rel=\"noopener\">SCL Italia Spa<\/a> entre las principales empresas a nivel mundial evaluadas por su desempe\u00f1o ambiental, social y de gobernanza. Este resultado refleja la coherencia de nuestras estrategias a largo plazo en la reducci\u00f3n del impacto ambiental, la promoci\u00f3n de una conducta empresarial responsable y la integraci\u00f3n de la sostenibilidad en todas las etapas de nuestras operaciones.<\/p>\n<\/div><\/div><\/div><\/div><\/div><div class=\"boldRow \" ><div class=\"boldRowInner\"><div class=\"rowItem col-md-12 col-ms-12  btTextLeft\"  data-width=\"12\"><div class=\"rowItemContent\" ><div class=\"btClear btSeparator topSmallSpaced bottomSemiSpaced noBorder no-mobile\" ><hr><\/div><\/div><\/div><\/div><\/div><div class=\"boldRow \" ><div class=\"boldRowInner\"><\/div><\/div><\/div><\/div><\/div><\/section><section id=\"bt_section69ef8ca123ef7\"  class=\"boldSection gutter \" ><div class=\"port\"><div class=\"boldCell\"><div class=\"boldCellInner\"><div class=\"boldRow \" ><div class=\"boldRowInner\"><div class=\"rowItem col-md-12 col-ms-12  btTextLeft\"  data-width=\"12\"><div class=\"rowItemContent\" ><div class=\"btText\" ><div class=\"home-large-sentence\">Reducir la dependencia de los combustibles f\u00f3siles, disminuir el impacto del aumento de los costos y mejorar la reputaci\u00f3n de nuestra empresa como una organizaci\u00f3n socialmente responsable, nos mueve para contribuir a alcanzar los objetivos globales contra el cambio clim\u00e1tico.<\/div>\n<\/div><div class=\"btClear btSeparator topSmallSpaced bottomSemiSpaced noBorder no-mobile\" ><hr><\/div><\/div><\/div><\/div><\/div><\/div><\/div><\/div><\/section><section id=\"bt_section69ef8ca1242a6\"  class=\"boldSection gutter \" ><div class=\"port\"><div class=\"boldCell\"><div class=\"boldCellInner\"><div class=\"boldRow \" ><div class=\"boldRowInner\"><div class=\"rowItem col-md-12 col-ms-12  btTextLeft\"  data-width=\"12\"><div class=\"rowItemContent\" ><div class=\"btText\" ><div class=\"greentitle\">Sustentabilidad ambiental, sustentabilidad econ\u00f3mica y sustentabilidad social se superponen para construir una acci\u00f3n com\u00fan: nuestro desarrollo sustentable sin fin.<\/div>\n<\/div><\/div><\/div><\/div><\/div><\/div><\/div><\/div><\/section><section id=\"bt_section69ef8ca1246ec\"  class=\"boldSection gutter \" ><div class=\"port\"><div class=\"boldCell\"><div class=\"boldCellInner\"><div class=\"boldRow \" ><div class=\"boldRowInner\"><div class=\"rowItem col-md-12 col-ms-12  btTextLeft\"  data-width=\"12\"><div class=\"rowItemContent\" ><div class=\"tilesWall btGridGallery tiled  btGridGap-20 lightbox\" data-col=\"3\"><div class=\"gridSizer\"><\/div><div class=\"gridItem btGhostSliderThumb bt11\" data-order-num=\"-1\"><div class=\"btTileBox\"><div class=\"bpgPhoto \" > \n\n\t\t\t\t\t<a href=\"https:\/\/www.fertiglobal.com\/wp-content\/uploads\/2022\/02\/FertiGlobal-1-1.jpg\" class=\"lightbox\" data-title=\"\"><\/a>\n\n\t\t\t\t\t<div class=\"boldPhotoBox\"><div class=\"bpbItem\"><div class=\"btImage\"><img src=\"https:\/\/www.fertiglobal.com\/wp-content\/uploads\/2022\/02\/FertiGlobal-1-1-640x640.jpg\" alt=\"\" title=\"\"><\/div><\/div><\/div>\n\n\t\t\t\t\t<div class=\"captionPane btDarkSkin btTextCenter\">\n\n\t\t\t\t\t\t<div class=\"captionTable\">\n\n\t\t\t\t\t\t\t<div class=\"captionCell\">\n\n\t\t\t\t\t\t\t\t<div class=\"captionTxt\"><\/div>\n\n\t\t\t\t\t\t\t<\/div>\n\n\t\t\t\t\t\t<\/div>\n\n\t\t\t\t\t<\/div><\/div><\/div><\/div><div class=\"gridItem btGhostSliderThumb bt11\" data-order-num=\"0\"><div class=\"btTileBox\"><div class=\"bpgPhoto \" > \n\n\t\t\t\t\t<a href=\"https:\/\/www.fertiglobal.com\/wp-content\/uploads\/2022\/02\/FertiGlobal-2-1.jpg\" class=\"lightbox\" data-title=\"\"><\/a>\n\n\t\t\t\t\t<div class=\"boldPhotoBox\"><div class=\"bpbItem\"><div class=\"btImage\"><img src=\"https:\/\/www.fertiglobal.com\/wp-content\/uploads\/2022\/02\/FertiGlobal-2-1-640x640.jpg\" alt=\"\" title=\"\"><\/div><\/div><\/div>\n\n\t\t\t\t\t<div class=\"captionPane btDarkSkin btTextCenter\">\n\n\t\t\t\t\t\t<div class=\"captionTable\">\n\n\t\t\t\t\t\t\t<div class=\"captionCell\">\n\n\t\t\t\t\t\t\t\t<div class=\"captionTxt\"><\/div>\n\n\t\t\t\t\t\t\t<\/div>\n\n\t\t\t\t\t\t<\/div>\n\n\t\t\t\t\t<\/div><\/div><\/div><\/div><div class=\"gridItem btGhostSliderThumb bt11\" data-order-num=\"1\"><div class=\"btTileBox\"><div class=\"bpgPhoto \" > \n\n\t\t\t\t\t<a href=\"https:\/\/www.fertiglobal.com\/wp-content\/uploads\/2022\/02\/FertiGlobal-3-1.jpg\" class=\"lightbox\" data-title=\"\"><\/a>\n\n\t\t\t\t\t<div class=\"boldPhotoBox\"><div class=\"bpbItem\"><div class=\"btImage\"><img src=\"https:\/\/www.fertiglobal.com\/wp-content\/uploads\/2022\/02\/FertiGlobal-3-1-640x640.jpg\" alt=\"\" title=\"\"><\/div><\/div><\/div>\n\n\t\t\t\t\t<div class=\"captionPane btDarkSkin btTextCenter\">\n\n\t\t\t\t\t\t<div class=\"captionTable\">\n\n\t\t\t\t\t\t\t<div class=\"captionCell\">\n\n\t\t\t\t\t\t\t\t<div class=\"captionTxt\"><\/div>\n\n\t\t\t\t\t\t\t<\/div>\n\n\t\t\t\t\t\t<\/div>\n\n\t\t\t\t\t<\/div><\/div><\/div><\/div><\/div><div class=\"btClear btSeparator topSmallSpaced bottomSemiSpaced noBorder no-mobile\" ><hr><\/div><\/div><\/div><\/div><\/div><\/div><\/div><\/div><\/section><section id=\"bt_section69ef8ca12b6bd\"  class=\"boldSection gutter boxed inherit\" style=\"background-color:#f5f5f5  !important;\"><div class=\"port\"><div class=\"boldCell\"><div class=\"boldCellInner\"><div class=\"boldRow \" ><div class=\"boldRowInner\"><div class=\"rowItem col-md-12 col-ms-12  btTextLeft\"  data-width=\"12\"><div class=\"rowItemContent\" ><div class=\"btClear btSeparator topSmallSpaced bottomSemiSpaced noBorder no-mobile\" ><hr><\/div><div class=\"btText\" ><h4 class=\"greentitle\">REPORTE DE SOSTENIBILIDAD<\/h4>\n<p>Cuando un grupo industrial lleva m\u00e1s de 200 a\u00f1os consecutivos operando a nivel internacional, es casi natural concluir que, con el paso del tiempo, la sostenibilidad ha sido una herramienta fundamental en su proceso de creaci\u00f3n de valor.<\/p>\n<p>El \u00fanico factor que ha garantizado la competitividad del Grupo, a largo plazo, es su capacidad para conciliar los intereses de empleados y accionistas para una respuesta eficaz a la evoluci\u00f3n de las necesidades de los clientes, las necesidades de las comunidades locales y las exigencias siempre cambiantes de los legisladores.<\/p>\n<p>Este informe de sostenibilidad, que ilustra la visi\u00f3n rectora de nuestra senda de crecimiento continuo, en la que la creaci\u00f3n de valor se fusiona con un fuerte sentido de la responsabilidad social y la conservaci\u00f3n del medio ambiente, es otro paso importante en el camino emprendido por nuestro Grupo.<\/p>\n<p>Un Grupo formado por personas con una s\u00f3lida trayectoria, con la mirada siempre puesta en el futuro, que nunca se duermen en los laureles, queriendo dejar huella, sobre todo para las futuras generaciones.<\/p>\n<p><a href=\"https:\/\/www.fertiglobal.com\/wp-content\/uploads\/2026\/02\/bilancio-2024-web-INGLESE.pdf\">Download PDF<\/a><\/p>\n<\/div><div class=\"btText\" ><div class=\"_3d-flip-book  fb3d-fullscreen-mode full-size\" data-id=\"11113\" data-mode=\"fullscreen\" data-title=\"false\" data-template=\"short-white-book-view\" data-lightbox=\"dark-shadow\" data-urlparam=\"fb3d-page\" data-page-n=\"0\" data-pdf=\"\" data-tax=\"null\" data-thumbnail=\"\" data-cols=\"3\" data-book-template=\"default\" style=\"height:700px;\"><\/div><script type=\"text\/javascript\">window.FB3D_CLIENT_DATA = window.FB3D_CLIENT_DATA || [];window.FB3D_CLIENT_DATA.push('eyJwb3N0cyI6eyIxMTExMyI6eyJJRCI6MTExMTMsInRpdGxlIjoiU1VTVEFJTkFCSUxJVFkgUkVQT1JUIiwidHlwZSI6InBkZiIsInJlYWR5X2Z1bmN0aW9uIjoiIiwiYm9va19zdHlsZSI6ImZsYXQiLCJib29rX3RlbXBsYXRlIjoibm9uZSIsIm91dGxpbmUiOltdLCJkYXRhIjp7InBvc3RfSUQiOiItMSIsImd1aWQiOiJodHRwczpcL1wvd3d3LmZlcnRpZ2xvYmFsLmNvbVwvd3AtY29udGVudFwvdXBsb2Fkc1wvMjAyNlwvMDJcL2JpbGFuY2lvLTIwMjQtd2ViLUlOR0xFU0Utc2luZ29sYS5wZGYiLCJwZGZfcGFnZXMiOiIxMzgiLCJwYWdlc19jdXN0b21pemF0aW9uIjoibm9uZSJ9LCJ0aHVtYm5haWwiOnsiZGF0YSI6eyJwb3N0X0lEIjoiMCJ9LCJ0eXBlIjoiYXV0byJ9LCJwcm9wcyI6eyJiYWNrZ3JvdW5kQ29sb3IiOiJhdXRvIiwiYmFja2dyb3VuZEltYWdlIjoiYXV0byIsImJhY2tncm91bmRTdHlsZSI6ImF1dG8iLCJoaWdobGlnaHRMaW5rcyI6ImF1dG8iLCJsaWdodGluZyI6ImF1dG8iLCJjYWNoZWRQYWdlcyI6ImF1dG8iLCJyZW5kZXJJbmFjdGl2ZVBhZ2VzIjoiYXV0byIsInJlbmRlckluYWN0aXZlUGFnZXNPbk1vYmlsZSI6ImF1dG8iLCJyZW5kZXJXaGlsZUZsaXBwaW5nIjoiYXV0byIsInByZWxvYWRQYWdlcyI6ImF1dG8iLCJhdXRvUGxheUR1cmF0aW9uIjoiYXV0byIsInJ0bCI6ImF1dG8iLCJpbnRlcmFjdGl2ZUNvcm5lcnMiOiJhdXRvIiwibWF4RGVwdGgiOiJhdXRvIiwic2hlZXQiOnsic3RhcnRWZWxvY2l0eSI6ImF1dG8iLCJ3YXZlIjoiYXV0byIsInNoYXBlIjoiYXV0byIsIndpZHRoVGV4ZWxzIjoiYXV0byIsImNvbG9yIjoiYXV0byIsInNpZGUiOiJhdXRvIiwiY29ybmVyRGV2aWF0aW9uIjoiYXV0byIsImZsZXhpYmlsaXR5IjoiYXV0byIsImZsZXhpYmxlQ29ybmVyIjoiYXV0byIsImJlbmRpbmciOiJhdXRvIiwiaGVpZ2h0VGV4ZWxzIjoiYXV0byJ9LCJjb3ZlciI6eyJ3YXZlIjoiYXV0byIsImNvbG9yIjoiYXV0byIsInNpZGUiOiJhdXRvIiwiYmluZGVyVGV4dHVyZSI6ImF1dG8iLCJkZXB0aCI6ImF1dG8iLCJwYWRkaW5nIjoiYXV0byIsInN0YXJ0VmVsb2NpdHkiOiJhdXRvIiwiZmxleGliaWxpdHkiOiJhdXRvIiwiZmxleGlibGVDb3JuZXIiOiJhdXRvIiwiYmVuZGluZyI6ImF1dG8iLCJ3aWR0aFRleGVscyI6ImF1dG8iLCJoZWlnaHRUZXhlbHMiOiJhdXRvIiwibWFzcyI6ImF1dG8iLCJzaGFwZSI6ImF1dG8ifSwicGFnZSI6eyJ3YXZlIjoiYXV0byIsImNvbG9yIjoiYXV0byIsInNpZGUiOiJhdXRvIiwiZGVwdGgiOiJhdXRvIiwic3RhcnRWZWxvY2l0eSI6ImF1dG8iLCJmbGV4aWJpbGl0eSI6ImF1dG8iLCJmbGV4aWJsZUNvcm5lciI6ImF1dG8iLCJiZW5kaW5nIjoiYXV0byIsIndpZHRoVGV4ZWxzIjoiYXV0byIsImhlaWdodFRleGVscyI6ImF1dG8iLCJtYXNzIjoiYXV0byIsInNoYXBlIjoiYXV0byJ9LCJoZWlnaHQiOiJhdXRvIiwid2lkdGgiOiJhdXRvIiwiZ3Jhdml0eSI6ImF1dG8iLCJwYWdlc0ZvclByZWRpY3RpbmciOiJhdXRvIn0sImNvbnRyb2xQcm9wcyI6eyJhY3Rpb25zIjp7ImNtZFRvYyI6eyJlbmFibGVkIjoiYXV0byIsImVuYWJsZWRJbk5hcnJvdyI6ImF1dG8iLCJhY3RpdmUiOiJhdXRvIiwiZGVmYXVsdFRhYiI6ImF1dG8ifSwiY21kQXV0b1BsYXkiOnsiZW5hYmxlZCI6ImF1dG8iLCJlbmFibGVkSW5OYXJyb3ciOiJhdXRvIiwiYWN0aXZlIjoiYXV0byJ9LCJjbWRTYXZlIjp7ImVuYWJsZWQiOiJhdXRvIiwiZW5hYmxlZEluTmFycm93IjoiYXV0byJ9LCJjbWRQcmludCI6eyJlbmFibGVkIjoiYXV0byIsImVuYWJsZWRJbk5hcnJvdyI6ImF1dG8ifSwiY21kU2luZ2xlUGFnZSI6eyJlbmFibGVkIjoiYXV0byIsImVuYWJsZWRJbk5hcnJvdyI6ImF1dG8iLCJhY3RpdmUiOiJhdXRvIiwiYWN0aXZlRm9yTW9iaWxlIjoiYXV0byJ9LCJ3aWRUb29sYmFyIjp7ImVuYWJsZWQiOiJhdXRvIiwiZW5hYmxlZEluTmFycm93IjoiYXV0byJ9fX0sImF1dG9UaHVtYm5haWwiOiJodHRwczpcL1wvd3d3LmZlcnRpZ2xvYmFsLmNvbVwvd3AtY29udGVudFwvdXBsb2Fkc1wvM2QtZmxpcC1ib29rXC9hdXRvLXRodW1ibmFpbHNcLzExMTEzLnBuZyIsInBvc3RfbmFtZSI6InN1c3RhaW5hYmlsaXR5LXJlcG9ydCIsInBvc3RfdHlwZSI6IjNkLWZsaXAtYm9vayJ9fSwicGFnZXMiOltdLCJmaXJzdFBhZ2VzIjpbXX0=');window.FB3D_CLIENT_LOCALE && window.FB3D_CLIENT_LOCALE.render();<\/script><\/div><\/div><\/div><\/div><\/div><\/div><\/div><\/div><\/section>","protected":false},"excerpt":{"rendered":"<p>La innovaci\u00f3n verde es el centro de nuestro trabajo diario<\/p>\n","protected":false},"author":4,"featured_media":9560,"parent":0,"menu_order":0,"comment_status":"closed","ping_status":"closed","template":"","meta":[],"yoast_head":"<!-- This site is optimized with the Yoast SEO plugin v15.8 - https:\/\/yoast.com\/wordpress\/plugins\/seo\/ -->\n<title>Sustentabilidad - FertiGlobal<\/title>\n<meta name=\"robots\" content=\"index, follow, max-snippet:-1, max-image-preview:large, max-video-preview:-1\" \/>\n<link rel=\"canonical\" href=\"https:\/\/www.fertiglobal.com\/es\/sustentabilidad\/\" \/>\n<meta property=\"og:locale\" content=\"es_ES\" \/>\n<meta property=\"og:type\" content=\"article\" \/>\n<meta property=\"og:title\" content=\"Sustentabilidad - FertiGlobal\" \/>\n<meta property=\"og:description\" content=\"La innovaci\u00f3n verde es el centro de nuestro trabajo diario\" \/>\n<meta property=\"og:url\" content=\"https:\/\/www.fertiglobal.com\/es\/sustentabilidad\/\" \/>\n<meta property=\"og:site_name\" content=\"FertiGlobal\" \/>\n<meta property=\"article:publisher\" content=\"https:\/\/www.facebook.com\/FertiGlobalinternational\/\" \/>\n<meta property=\"article:modified_time\" content=\"2026-02-12T14:04:48+00:00\" \/>\n<meta property=\"og:image\" content=\"https:\/\/www.fertiglobal.com\/wp-content\/uploads\/2022\/02\/img-HEADER-fertiglobal.jpg\" \/>\n\t<meta property=\"og:image:width\" content=\"1920\" \/>\n\t<meta property=\"og:image:height\" content=\"600\" \/>\n<meta name=\"twitter:card\" content=\"summary_large_image\" \/>\n<meta name=\"twitter:label1\" content=\"Tiempo de lectura\">\n\t<meta name=\"twitter:data1\" content=\"5 minutos\">\n<script type=\"application\/ld+json\" class=\"yoast-schema-graph\">{\"@context\":\"https:\/\/schema.org\",\"@graph\":[{\"@type\":\"WebSite\",\"@id\":\"https:\/\/www.fertiglobal.com\/#website\",\"url\":\"https:\/\/www.fertiglobal.com\/\",\"name\":\"FertiGlobal\",\"description\":\"A new crop management concept\",\"potentialAction\":[{\"@type\":\"SearchAction\",\"target\":\"https:\/\/www.fertiglobal.com\/?s={search_term_string}\",\"query-input\":\"required name=search_term_string\"}],\"inLanguage\":\"es\"},{\"@type\":\"ImageObject\",\"@id\":\"https:\/\/www.fertiglobal.com\/es\/sustentabilidad\/#primaryimage\",\"inLanguage\":\"es\",\"url\":\"https:\/\/www.fertiglobal.com\/wp-content\/uploads\/2022\/02\/img-HEADER-fertiglobal.jpg\",\"width\":1920,\"height\":600},{\"@type\":\"WebPage\",\"@id\":\"https:\/\/www.fertiglobal.com\/es\/sustentabilidad\/#webpage\",\"url\":\"https:\/\/www.fertiglobal.com\/es\/sustentabilidad\/\",\"name\":\"Sustentabilidad - FertiGlobal\",\"isPartOf\":{\"@id\":\"https:\/\/www.fertiglobal.com\/#website\"},\"primaryImageOfPage\":{\"@id\":\"https:\/\/www.fertiglobal.com\/es\/sustentabilidad\/#primaryimage\"},\"datePublished\":\"2022-02-17T21:31:51+00:00\",\"dateModified\":\"2026-02-12T14:04:48+00:00\",\"breadcrumb\":{\"@id\":\"https:\/\/www.fertiglobal.com\/es\/sustentabilidad\/#breadcrumb\"},\"inLanguage\":\"es\",\"potentialAction\":[{\"@type\":\"ReadAction\",\"target\":[\"https:\/\/www.fertiglobal.com\/es\/sustentabilidad\/\"]}]},{\"@type\":\"BreadcrumbList\",\"@id\":\"https:\/\/www.fertiglobal.com\/es\/sustentabilidad\/#breadcrumb\",\"itemListElement\":[{\"@type\":\"ListItem\",\"position\":1,\"item\":{\"@type\":\"WebPage\",\"@id\":\"https:\/\/www.fertiglobal.com\/es\/\",\"url\":\"https:\/\/www.fertiglobal.com\/es\/\",\"name\":\"Home\"}},{\"@type\":\"ListItem\",\"position\":2,\"item\":{\"@type\":\"WebPage\",\"@id\":\"https:\/\/www.fertiglobal.com\/es\/sustentabilidad\/\",\"url\":\"https:\/\/www.fertiglobal.com\/es\/sustentabilidad\/\",\"name\":\"Sustentabilidad\"}}]}]}<\/script>\n<!-- \/ Yoast SEO plugin. -->","_links":{"self":[{"href":"https:\/\/www.fertiglobal.com\/es\/wp-json\/wp\/v2\/pages\/9769"}],"collection":[{"href":"https:\/\/www.fertiglobal.com\/es\/wp-json\/wp\/v2\/pages"}],"about":[{"href":"https:\/\/www.fertiglobal.com\/es\/wp-json\/wp\/v2\/types\/page"}],"author":[{"embeddable":true,"href":"https:\/\/www.fertiglobal.com\/es\/wp-json\/wp\/v2\/users\/4"}],"replies":[{"embeddable":true,"href":"https:\/\/www.fertiglobal.com\/es\/wp-json\/wp\/v2\/comments?post=9769"}],"version-history":[{"count":13,"href":"https:\/\/www.fertiglobal.com\/es\/wp-json\/wp\/v2\/pages\/9769\/revisions"}],"predecessor-version":[{"id":11871,"href":"https:\/\/www.fertiglobal.com\/es\/wp-json\/wp\/v2\/pages\/9769\/revisions\/11871"}],"wp:featuredmedia":[{"embeddable":true,"href":"https:\/\/www.fertiglobal.com\/es\/wp-json\/wp\/v2\/media\/9560"}],"wp:attachment":[{"href":"https:\/\/www.fertiglobal.com\/es\/wp-json\/wp\/v2\/media?parent=9769"}],"curies":[{"name":"wp","href":"https:\/\/api.w.org\/{rel}","templated":true}]}}