{"id":11495,"date":"2025-05-21T07:40:15","date_gmt":"2025-05-21T07:40:15","guid":{"rendered":"https:\/\/www.fertiglobal.com\/ethics\/"},"modified":"2026-03-31T08:55:05","modified_gmt":"2026-03-31T08:55:05","slug":"etica","status":"publish","type":"page","link":"https:\/\/www.fertiglobal.com\/es\/etica\/","title":{"rendered":"\u00c9tica corporativa"},"content":{"rendered":"<div class=\"bt_bb_wrapper\"><section id=\"bt_section69ef75fe62806\"  class=\"boldSection topSemiSpaced bottomSemiSpaced gutter boxed inherit\" ><div class=\"port\"><div class=\"boldCell\"><div class=\"boldCellInner\"><div class=\"boldRow \" ><div class=\"boldRowInner\"><div class=\"rowItem col-md-6 col-sm-12 btTextLeft\"  data-width=\"6\"><div class=\"rowItemContent\" ><div class=\"btText\" ><h2>Quality policy<\/h2>\n<p><strong>Calidad, Salud, Seguridad,<\/strong><br \/>\n<strong>Medio Ambiente y Energ\u00eda (QHSE y Energ\u00eda)<\/strong><br \/>\n<strong>Pol\u00edtica del Fertiglobal<\/strong><\/p>\n<\/div><\/div><\/div><div class=\"rowItem col-md-6 col-sm-12 btTextLeft\"  data-width=\"6\"><div class=\"rowItemContent\" ><div class=\"bpgPhoto btDefaultHoverType\" ><div class=\"btImage\"><img src=\"https:\/\/www.fertiglobal.com\/wp-content\/uploads\/2025\/05\/ethics-quality.jpg\" alt=\"\" title=\"\"><\/div><\/div><\/div><\/div><\/div><\/div><\/div><\/div><\/div><\/section><section id=\"bt_section69ef75fe653dc\"  class=\"boldSection topSemiSpaced bottomSemiSpaced gutter boxed inherit\" ><div class=\"port\"><div class=\"boldCell\"><div class=\"boldCellInner\"><div class=\"boldRow \" ><div class=\"boldRowInner\"><div class=\"rowItem col-md-6 col-sm-12 btTextLeft\"  data-width=\"6\"><div class=\"rowItemContent\" ><div class=\"btText\" ><h4><strong>Nuestra Visi\u00f3n<\/strong><\/h4>\n<p><strong>Fertiglobal\u00a0<\/strong>quiere ser reconocido como una industria l\u00edder en el campo de la Calidad, Salud y Seguridad de las personas, en los campos de Gesti\u00f3n Ambiental y Energ\u00e9tica (QHSE &amp; Energy) en todos los sectores en los que opera, brindando soluciones innovadoras y respondiendo a las necesidades. de nuestros clientes en l\u00ednea con los principios globales de desarrollo sostenible y sistemas integrados de gesti\u00f3n.<\/p>\n<h4><strong>Nuestros Principios<\/strong><\/h4>\n<p><strong>Fertiglobal<\/strong> desarrolla sus actividades en cumplimiento con el medio ambiente, protegiendo la salud y la seguridad de las personas, empleados, colaboradores, clientes y la comunidad, en todos los lugares donde opera.<\/p>\n<ul>\n<li>comprometi\u00e9ndose a mejorar continuamente sus procesos, respetando los requisitos legislativos, reglamentarios y las normas internacionales aplicables<\/li>\n<li>ofreciendo productos y servicios de alta calidad para contribuir al \u00e9xito de sus clientes y al crecimiento del grupo<\/li>\n<li>adoptando un enfoque abierto, \u00e9tico y transparente en las comunicaciones, sobre temas de QHSE y Energ\u00eda<\/li>\n<li>invirtiendo en competencias y garantizando los recursos necesarios para alcanzar los objetivos comunes<\/li>\n<\/ul>\n<p><strong>Fertiglobal<\/strong> considera la sostenibilidad como un pilar estrat\u00e9gico para la competitividad y el progreso. Por esta raz\u00f3n, el grupo est\u00e1 comprometido con la implementaci\u00f3n de una pol\u00edtica corporativa orientada a la responsabilidad social, ambiental y \u00e9tica, capaz de generar valor a lo largo del tiempo para todas las partes interesadas.<\/p>\n<p><strong>Nuestro Compromiso<\/strong><\/p>\n<p>Para seguir estos principios, <strong>Fertiglobal<\/strong> ha desarrollado un proceso estructurado para medir y reducir su huella de carbono, tanto a nivel empresarial como de producto, en cumplimiento con las normas ISO 14064 y el Protocolo GHG, como parte integral de su estrategia clim\u00e1tica y de sostenibilidad a largo plazo.<\/p>\n<p>Adem\u00e1s, <strong>Fertiglobal<\/strong> se compromete<\/p>\n<ul>\n<li>para que Calidad realice sus actividades de acuerdo con la norma UNI EN ISO 9001: 2015, manteniendo adecuada la calidad de los productos suministrados<\/li>\n<li>Para las cuestiones ambientales, llevar a cabo sus actividades en cumplimiento con la norma UNI EN ISO 14001:2015 y el Reglamento CE\/1221\/2009 (EMAS III),\n<ul>\n<li>verificar la adecuaci\u00f3n del contexto en el que opera<\/li>\n<li>organizar una evaluaci\u00f3n peri\u00f3dica de las obligaciones de cumplimiento aplicables<\/li>\n<li>organizar una evaluaci\u00f3n peri\u00f3dica de los riesgos e impactos ambientales de sus actividades y riesgos relacionados, buscando soluciones para minimizar cualquier efecto negativo de sus actividades en el medio ambiente<\/li>\n<\/ul>\n<\/li>\n<\/ul>\n<\/div><\/div><\/div><div class=\"rowItem col-md-6 col-sm-12 btTextLeft\"  data-width=\"6\"><div class=\"rowItemContent\" ><div class=\"btText\" ><ul>\n<li style=\"list-style-type: none;\">\n<ul>\n<li>implementar una comunicaci\u00f3n transparente de sus actividades en el campo ambiental<\/li>\n<li>prestando especial atenci\u00f3n a la gesti\u00f3n de residuos, trabajando hacia una eliminaci\u00f3n orientada al reciclaje de materiales<\/li>\n<\/ul>\n<\/li>\n<li>para la Salud y la Seguridad en el Trabajo, se compromete a realizar sus actividades de acuerdo con la norma UNI ISO 45001: 2018\n<ul>\n<li>verificar la implementaci\u00f3n de las disposiciones legales sobre seguridad en el trabajo<\/li>\n<li>consultar e involucrar a los trabajadores y, en su caso, a los representantes de los trabajadores en relaci\u00f3n con los aspectos inherentes a los riesgos para la salud de los propios trabajadores<\/li>\n<li>planificar, desarrollar e implementar planes para la eliminaci\u00f3n de riesgos para la salud de los trabajadores<\/li>\n<li>mediante la adopci\u00f3n de un Sistema de Organizaci\u00f3n, Gesti\u00f3n y Control, de conformidad con el Decreto Legislativo italiano n.\u00ba 231, de 8 de junio de 2001, orientado a la prevenci\u00f3n de los delitos previstos en la normativa aplicable y coherente con la estructura organizativa y las actividades desarrolladas (aqu\u00ed se puede consultar la informaci\u00f3n en <a href=\"https:\/\/www.fertiglobal.com\/wp-content\/uploads\/2026\/01\/Information-Notice-\u2013-Organisation-Management-and-Control-System-pursuant-to-Legislative-Decree-231-2001.pdf\">ingl\u00e9s<\/a> y en <a href=\"https:\/\/www.fertiglobal.com\/wp-content\/uploads\/2026\/01\/Informativa-sul-Sistema-di-Organizzazione-Gestione-e-Controllo-ex-D.Lgs_.-231-2001.pdf\">italiano<\/a>)<\/li>\n<\/ul>\n<\/li>\n<li>para la Prevenci\u00f3n de Accidentes Mayores para llevar a cabo sus actividades de acuerdo con el Decreto Legislativo 105\/2015\n<ul>\n<li>proporcionar las herramientas adecuadas para la implantaci\u00f3n y mantenimiento del sistema de gesti\u00f3n de accidentes mayores (manuales, procedimientos, instrucciones operativas, etc.) y difundirlas a todo el personal<\/li>\n<li>informar, capacitar y capacitar a todos los empleados para que puedan operar con pleno conocimiento de los riesgos potenciales asociados con el negocio<\/li>\n<li>informar, antes de su ingreso a la planta, a todos los empleados, empleados de empresas externas, terceros transportistas y visitantes ocasionales, sobre los riesgos involucrados y sobre la organizaci\u00f3n a cargo de la seguridad y gesti\u00f3n de emergencias dentro de la empresa<\/li>\n<li>disponiendo las medidas adecuadas para que el personal de terceros que opere dentro de la planta adopte comportamientos, pr\u00e1cticas y procedimientos consistentes con esta pol\u00edtica de prevenci\u00f3n de accidentes mayores<\/li>\n<li>para temas espec\u00edficos, consulte la Pol\u00edtica para la Prevenci\u00f3n de Accidentes Mayores (Pol\u00edtica PIR)<\/li>\n<\/ul>\n<\/li>\n<li>para la Eficiencia Energ\u00e9tica para realizar sus actividades de acuerdo con la norma UNI CEI EN ISO 50001: 2018\n<ul>\n<li>garantizar la atenci\u00f3n al ahorro y la eficiencia energ\u00e9tica desde la fase de contrataci\u00f3n<\/li>\n<li>aplicar principios de eficiencia a todos los aspectos energ\u00e9ticos que involucren a la empresa, como el uso de maquinaria de oficina, iluminaci\u00f3n, sistemas de refrigeraci\u00f3n y calefacci\u00f3n, m\u00e9todos de procesamiento<\/li>\n<li>implementar el seguimiento y control del consumo energ\u00e9tico de las oficinas y plantas<\/li>\n<li>planificar las actividades de trabajo con vistas a la eficiencia energ\u00e9tica, cuando sea posible y en cualquier caso asegurando la continuidad de los procesos<\/li>\n<\/ul>\n<\/li>\n<\/ul>\n<p>Como prueba de su compromiso concreto, <strong>Fertiglobal<\/strong> obtuvo la Medalla de Plata de EcoVadis, posicion\u00e1ndose entre las mejores empresas internacionales evaluadas en sostenibilidad ambiental, \u00e9tica, responsabilidad social y compras sostenibles. Este reconocimiento confirma la solidez de su enfoque ESG (Ambiental, Social y de Gobernanza).<\/p>\n<p><em>Fertiglobal, 11 de abril de 2025<\/em><\/p>\n<\/div><div class=\"btText\" ><p style=\"text-align: right;\"><span style=\"color: #4e8b3f;\"><strong>Paolo Bonini<br \/>\n<\/strong>Executive Chairman<\/span><\/p>\n<\/div><\/div><\/div><\/div><\/div><\/div><\/div><\/div><\/section><section id=\"bt_section69ef75fe65e5d\"  class=\"boldSection topSemiSpaced bottomSemiSpaced gutter boxed inherit\" style=\"background-color:#f5f5f5  !important;\"><div class=\"port\"><div class=\"boldCell\"><div class=\"boldCellInner\"><div class=\"boldRow \" ><div class=\"boldRowInner\"><div class=\"rowItem col-md-6 col-sm-12 btTextLeft\"  data-width=\"6\"><div class=\"rowItemContent\" ><div class=\"btText\" ><p>Esta visi\u00f3n se despliega a trav\u00e9s de un sistema integrado de Calidad, Salud, Medio Ambiente y Seguridad (QHSE).<\/p>\n<ul>\n<li>Certificaci\u00f3n Ambiental ISO 14001<\/li>\n<li>Certificaci\u00f3n del Sistema de Calidad ISO 9001<\/li>\n<li>Certificaci\u00f3n de Salud y Seguridad ISO 45001<\/li>\n<li>Certificaci\u00f3n del Sistema de Gesti\u00f3n de Energ\u00eda ISO 50001<\/li>\n<li>Seguridad Alimentaria Certificaci\u00f3n Standard FSSC 22000<\/li>\n<li>Certificaci\u00f3n de Calidad de Fertilizantes<\/li>\n<li>Certificado de Protecci\u00f3n Clim\u00e1tica PAMIRA<\/li>\n<li>Certificado de Eco Management y Audit Scheme EMAS<\/li>\n<\/ul>\n<\/div><\/div><\/div><div class=\"rowItem col-md-6 col-sm-12 btTextLeft inherit k-list\"  data-width=\"6\"><div class=\"rowItemContent\" ><div class=\"btText\" ><div class=\"certifications-container\"><div class=\"certification k-list\"><div class=\"uvc-main-heading ult-responsive\"><span><\/span><h4>ISO 9001<\/h4><\/div><ul class=\"certification-list\"><li><a href=\"https:\/\/www.fertiglobal.com\/wp-content\/uploads\/2025\/09\/CERT-ISO-9001-EN-SCL-ITALIA_scad-05-2026.pdf\" target=\"_blank\">ISO 9001 Italy<\/a><\/li><li><a href=\"https:\/\/www.fertiglobal.com\/wp-content\/uploads\/2025\/09\/CERT-ISO-9001-EN-PACK_scad.-05-2026.pdf\" target=\"_blank\">ISO 9001 Brazil<\/a><\/li><li><a href=\"https:\/\/www.fertiglobal.com\/wp-content\/uploads\/2025\/03\/01-10006-1530013_Main_EN.pdf\" target=\"_blank\">ISO 9001 Argentina<\/a><\/li><li><a href=\"https:\/\/www.fertiglobal.com\/wp-content\/uploads\/2025\/09\/CERT-ISO-9001-EN-SCL-BEIJINNG_scad.-05-20256.pdf\" target=\"_blank\">ISO 9001 China<\/a><\/li><li><a href=\"https:\/\/www.fertiglobal.com\/wp-content\/uploads\/2025\/09\/CERT-ISO-9001-EN-SCL-FILIPPINE_scad-05-2026.pdf\" target=\"_blank\">ISO 9001 Philippines<\/a><\/li><li><a href=\"https:\/\/www.fertiglobal.com\/wp-content\/uploads\/2025\/09\/CERT-ISO-9001-EN-SCL-INDIA_scad-05-2026.pdf\" target=\"_blank\">ISO 9001 India<\/a><\/li><\/ul><\/div><div class=\"certification k-list\"><div class=\"uvc-main-heading ult-responsive\"><span><\/span><h4>ISO Certifications &#8211; Others<\/h4><\/div><ul class=\"certification-list\"><li><a href=\"https:\/\/www.fertiglobal.com\/wp-content\/uploads\/2025\/07\/CERT-ISO-14001-EN_scad-03-2028.pdf\" target=\"_blank\">ISO 14001 Italy<\/a><\/li><li><a href=\"https:\/\/www.fertiglobal.com\/wp-content\/uploads\/2026\/03\/ISO-14001_2026-CERT-ESSIOD.pdf\" target=\"_blank\">ISO 14001 Argentina<\/a><\/li><li><a href=\"https:\/\/www.fertiglobal.com\/wp-content\/uploads\/2025\/01\/CERT-ISO-45001-EN_scad-12-2027-bis.pdf\" target=\"_blank\">ISO 45001 Italy<\/a><\/li><li><a href=\"https:\/\/www.fertiglobal.com\/wp-content\/uploads\/2026\/03\/ISO-45001_2026-CERT-ESSIOD.pdf\" target=\"_blank\">ISO 45001 Argentina<\/a><\/li><li><a href=\"https:\/\/www.fertiglobal.com\/wp-content\/uploads\/2025\/01\/CERT-ISO-50001-EN_scad-12-2027-bis.pdf\" target=\"_blank\">ISO 50001 Italy<\/a><\/li><\/ul><\/div><div class=\"certification k-list\"><div class=\"uvc-main-heading ult-responsive\"><span><\/span><h4>Others<\/h4><\/div><ul class=\"certification-list\"><li><a href=\"https:\/\/www.fertiglobal.com\/wp-content\/uploads\/2025\/04\/IT_002259-signed-EMAS-III.pdf\" target=\"_blank\">EMAS III &#8211; Eco Management Certificate<\/a><\/li><li><a href=\"https:\/\/www.fertiglobal.com\/wp-content\/uploads\/2025\/09\/Climate-Protection-Certificate-2024_SCL-Italia-SpA..pdf\" target=\"_blank\">Pamira &#8211; Climate Protection Certificate<\/a><\/li><li><a href=\"https:\/\/www.fertiglobal.com\/wp-content\/uploads\/2025\/07\/FSSC-22000-EN.pdf\" target=\"_blank\">FSSC 22000 ESSIOD Argentina<\/a><\/li><li><a href=\"https:\/\/www.fertiglobal.com\/wp-content\/uploads\/2025\/07\/quality.pdf\" target=\"_blank\">Quality Policy and Food Safety Policy ESSIOD Argentina<\/a><\/li><li><a href=\"https:\/\/www.fertiglobal.com\/wp-content\/uploads\/2025\/07\/Environmental.pdf\" target=\"_blank\">Environmental Occupational Health and Safety Policy ESSIOD Argentina<\/a><\/li><li><a href=\"https:\/\/www.fertiglobal.com\/wp-content\/uploads\/2021\/10\/HEAVY-METALS-ANALYSIS_report_web-oct-2021.pdf\" target=\"_blank\">Heavy Metals Analysis Report<\/a><\/li><\/ul><\/div><\/div><script>\n          jQuery(document).ready(function($) {\n            $(\".certification .uvc-main-heading\").click(function() {\n              $(this).parent().toggleClass(\"active\");\n            });\n          });\n        <\/script><\/div><\/div><\/div><\/div><\/div><\/div><\/div><\/div><\/section><\/div>","protected":false},"excerpt":{"rendered":"","protected":false},"author":4,"featured_media":11491,"parent":0,"menu_order":0,"comment_status":"closed","ping_status":"closed","template":"","meta":[],"yoast_head":"<!-- This site is optimized with the Yoast SEO plugin v15.8 - https:\/\/yoast.com\/wordpress\/plugins\/seo\/ -->\n<title>\u00c9tica corporativa - FertiGlobal<\/title>\n<meta name=\"robots\" content=\"index, follow, max-snippet:-1, max-image-preview:large, max-video-preview:-1\" \/>\n<link rel=\"canonical\" href=\"https:\/\/www.fertiglobal.com\/es\/etica\/\" \/>\n<meta property=\"og:locale\" content=\"es_ES\" \/>\n<meta property=\"og:type\" content=\"article\" \/>\n<meta property=\"og:title\" content=\"\u00c9tica corporativa - FertiGlobal\" \/>\n<meta property=\"og:url\" content=\"https:\/\/www.fertiglobal.com\/es\/etica\/\" \/>\n<meta property=\"og:site_name\" content=\"FertiGlobal\" \/>\n<meta property=\"article:publisher\" content=\"https:\/\/www.facebook.com\/FertiGlobalinternational\/\" \/>\n<meta property=\"article:modified_time\" content=\"2026-03-31T08:55:05+00:00\" \/>\n<meta property=\"og:image\" content=\"https:\/\/www.fertiglobal.com\/wp-content\/uploads\/2025\/05\/ethics.jpg\" \/>\n\t<meta property=\"og:image:width\" content=\"1920\" \/>\n\t<meta property=\"og:image:height\" content=\"508\" \/>\n<meta name=\"twitter:card\" content=\"summary_large_image\" \/>\n<meta name=\"twitter:label1\" content=\"Tiempo de lectura\">\n\t<meta name=\"twitter:data1\" content=\"5 minutos\">\n<script type=\"application\/ld+json\" class=\"yoast-schema-graph\">{\"@context\":\"https:\/\/schema.org\",\"@graph\":[{\"@type\":\"WebSite\",\"@id\":\"https:\/\/www.fertiglobal.com\/#website\",\"url\":\"https:\/\/www.fertiglobal.com\/\",\"name\":\"FertiGlobal\",\"description\":\"A new crop management concept\",\"potentialAction\":[{\"@type\":\"SearchAction\",\"target\":\"https:\/\/www.fertiglobal.com\/?s={search_term_string}\",\"query-input\":\"required name=search_term_string\"}],\"inLanguage\":\"es\"},{\"@type\":\"ImageObject\",\"@id\":\"https:\/\/www.fertiglobal.com\/es\/etica\/#primaryimage\",\"inLanguage\":\"es\",\"url\":\"https:\/\/www.fertiglobal.com\/wp-content\/uploads\/2025\/05\/ethics.jpg\",\"width\":1920,\"height\":508},{\"@type\":\"WebPage\",\"@id\":\"https:\/\/www.fertiglobal.com\/es\/etica\/#webpage\",\"url\":\"https:\/\/www.fertiglobal.com\/es\/etica\/\",\"name\":\"\\u00c9tica corporativa - FertiGlobal\",\"isPartOf\":{\"@id\":\"https:\/\/www.fertiglobal.com\/#website\"},\"primaryImageOfPage\":{\"@id\":\"https:\/\/www.fertiglobal.com\/es\/etica\/#primaryimage\"},\"datePublished\":\"2025-05-21T07:40:15+00:00\",\"dateModified\":\"2026-03-31T08:55:05+00:00\",\"breadcrumb\":{\"@id\":\"https:\/\/www.fertiglobal.com\/es\/etica\/#breadcrumb\"},\"inLanguage\":\"es\",\"potentialAction\":[{\"@type\":\"ReadAction\",\"target\":[\"https:\/\/www.fertiglobal.com\/es\/etica\/\"]}]},{\"@type\":\"BreadcrumbList\",\"@id\":\"https:\/\/www.fertiglobal.com\/es\/etica\/#breadcrumb\",\"itemListElement\":[{\"@type\":\"ListItem\",\"position\":1,\"item\":{\"@type\":\"WebPage\",\"@id\":\"https:\/\/www.fertiglobal.com\/es\/\",\"url\":\"https:\/\/www.fertiglobal.com\/es\/\",\"name\":\"Home\"}},{\"@type\":\"ListItem\",\"position\":2,\"item\":{\"@type\":\"WebPage\",\"@id\":\"https:\/\/www.fertiglobal.com\/es\/etica\/\",\"url\":\"https:\/\/www.fertiglobal.com\/es\/etica\/\",\"name\":\"\\u00c9tica corporativa\"}}]}]}<\/script>\n<!-- \/ Yoast SEO plugin. -->","_links":{"self":[{"href":"https:\/\/www.fertiglobal.com\/es\/wp-json\/wp\/v2\/pages\/11495"}],"collection":[{"href":"https:\/\/www.fertiglobal.com\/es\/wp-json\/wp\/v2\/pages"}],"about":[{"href":"https:\/\/www.fertiglobal.com\/es\/wp-json\/wp\/v2\/types\/page"}],"author":[{"embeddable":true,"href":"https:\/\/www.fertiglobal.com\/es\/wp-json\/wp\/v2\/users\/4"}],"replies":[{"embeddable":true,"href":"https:\/\/www.fertiglobal.com\/es\/wp-json\/wp\/v2\/comments?post=11495"}],"version-history":[{"count":4,"href":"https:\/\/www.fertiglobal.com\/es\/wp-json\/wp\/v2\/pages\/11495\/revisions"}],"predecessor-version":[{"id":11909,"href":"https:\/\/www.fertiglobal.com\/es\/wp-json\/wp\/v2\/pages\/11495\/revisions\/11909"}],"wp:featuredmedia":[{"embeddable":true,"href":"https:\/\/www.fertiglobal.com\/es\/wp-json\/wp\/v2\/media\/11491"}],"wp:attachment":[{"href":"https:\/\/www.fertiglobal.com\/es\/wp-json\/wp\/v2\/media?parent=11495"}],"curies":[{"name":"wp","href":"https:\/\/api.w.org\/{rel}","templated":true}]}}